{"id":30504,"date":"2022-02-22T18:47:45","date_gmt":"2022-02-22T17:47:45","guid":{"rendered":"https:\/\/modelkars.com\/?post_type=product&#038;p=30504"},"modified":"2025-12-01T01:54:26","modified_gmt":"2025-12-01T00:54:26","slug":"ot928-volvo-850r-t5-verte","status":"publish","type":"product","link":"https:\/\/modelkars.com\/fr\/shop\/ottomobile\/ot928-volvo-850r-t5-verte\/","title":{"rendered":"Volvo 850 T5-R"},"content":{"rendered":"","protected":false},"excerpt":{"rendered":"<p>Cette miniature de haute qualit\u00e9 fabriqu\u00e9e par OttOmobile reproduit \u00e0 la perfection la Volvo 850R T5 dans un superbe vert fonc\u00e9 (Dark Olive Pearl). Ce mod\u00e8le r\u00e9duit en r\u00e9sine est fabriqu\u00e9 \u00e0 2000 exemplaires.<\/p>\n","protected":false},"featured_media":30510,"template":"","meta":{"_seopress_robots_primary_cat":"none","_seopress_titles_title":"","_seopress_titles_desc":"","_seopress_robots_index":""},"product_brand":[],"product_cat":[225],"product_tag":[84,93,92,85],"class_list":{"0":"post-30504","1":"product","2":"type-product","3":"status-publish","4":"has-post-thumbnail","6":"product_cat-ottomobile","7":"product_tag-echelle-118","8":"product_tag-edition-limitee","9":"product_tag-resine","10":"product_tag-sans-ouvrants","11":"product_shipping_class-delivengo","13":"first","14":"outofstock","15":"taxable","16":"shipping-taxable","17":"purchasable","18":"product-type-simple"},"_links":{"self":[{"href":"https:\/\/modelkars.com\/fr\/wp-json\/wp\/v2\/product\/30504","targetHints":{"allow":["GET"]}}],"collection":[{"href":"https:\/\/modelkars.com\/fr\/wp-json\/wp\/v2\/product"}],"about":[{"href":"https:\/\/modelkars.com\/fr\/wp-json\/wp\/v2\/types\/product"}],"wp:featuredmedia":[{"embeddable":true,"href":"https:\/\/modelkars.com\/fr\/wp-json\/wp\/v2\/media\/30510"}],"wp:attachment":[{"href":"https:\/\/modelkars.com\/fr\/wp-json\/wp\/v2\/media?parent=30504"}],"wp:term":[{"taxonomy":"product_brand","embeddable":true,"href":"https:\/\/modelkars.com\/fr\/wp-json\/wp\/v2\/product_brand?post=30504"},{"taxonomy":"product_cat","embeddable":true,"href":"https:\/\/modelkars.com\/fr\/wp-json\/wp\/v2\/product_cat?post=30504"},{"taxonomy":"product_tag","embeddable":true,"href":"https:\/\/modelkars.com\/fr\/wp-json\/wp\/v2\/product_tag?post=30504"}],"curies":[{"name":"wp","href":"https:\/\/api.w.org\/{rel}","templated":true}]}}