{"id":30435,"date":"2022-02-22T18:30:41","date_gmt":"2022-02-22T17:30:41","guid":{"rendered":"https:\/\/modelkars.com\/?post_type=product&#038;p=30435"},"modified":"2025-12-01T01:54:27","modified_gmt":"2025-12-01T00:54:27","slug":"ot897-peugeot-406-coupe-v6-jaune","status":"publish","type":"product","link":"https:\/\/modelkars.com\/fr\/shop\/ottomobile\/ot897-peugeot-406-coupe-v6-jaune\/","title":{"rendered":"Peugeot 406 Coup\u00e9"},"content":{"rendered":"","protected":false},"excerpt":{"rendered":"<p>Cette Peugeot 406 Coup\u00e9 V6 (Phase 1) \u00e0 l&rsquo;\u00e9chelle 1:18 est fabriqu\u00e9e par OttOmobile et reproduit avec une pr\u00e9cision incroyable cette voiture dans sa livr\u00e9e jaune. Mod\u00e8le produit \u00e0 2000 exemplaires et num\u00e9rot\u00e9.<\/p>\n","protected":false},"featured_media":30440,"template":"","meta":{"_seopress_robots_primary_cat":"none","_seopress_titles_title":"","_seopress_titles_desc":"","_seopress_robots_index":""},"product_brand":[],"product_cat":[225],"product_tag":[84,93,92,85],"class_list":{"0":"post-30435","1":"product","2":"type-product","3":"status-publish","4":"has-post-thumbnail","6":"product_cat-ottomobile","7":"product_tag-echelle-118","8":"product_tag-edition-limitee","9":"product_tag-resine","10":"product_tag-sans-ouvrants","11":"product_shipping_class-delivengo","13":"first","14":"outofstock","15":"taxable","16":"shipping-taxable","17":"purchasable","18":"product-type-simple"},"_links":{"self":[{"href":"https:\/\/modelkars.com\/fr\/wp-json\/wp\/v2\/product\/30435","targetHints":{"allow":["GET"]}}],"collection":[{"href":"https:\/\/modelkars.com\/fr\/wp-json\/wp\/v2\/product"}],"about":[{"href":"https:\/\/modelkars.com\/fr\/wp-json\/wp\/v2\/types\/product"}],"wp:featuredmedia":[{"embeddable":true,"href":"https:\/\/modelkars.com\/fr\/wp-json\/wp\/v2\/media\/30440"}],"wp:attachment":[{"href":"https:\/\/modelkars.com\/fr\/wp-json\/wp\/v2\/media?parent=30435"}],"wp:term":[{"taxonomy":"product_brand","embeddable":true,"href":"https:\/\/modelkars.com\/fr\/wp-json\/wp\/v2\/product_brand?post=30435"},{"taxonomy":"product_cat","embeddable":true,"href":"https:\/\/modelkars.com\/fr\/wp-json\/wp\/v2\/product_cat?post=30435"},{"taxonomy":"product_tag","embeddable":true,"href":"https:\/\/modelkars.com\/fr\/wp-json\/wp\/v2\/product_tag?post=30435"}],"curies":[{"name":"wp","href":"https:\/\/api.w.org\/{rel}","templated":true}]}}