{"id":3039,"date":"2019-01-21T11:15:49","date_gmt":"2019-01-21T10:15:49","guid":{"rendered":"https:\/\/modelkars.com\/?post_type=product&#038;p=3039"},"modified":"2025-12-01T01:55:42","modified_gmt":"2025-12-01T00:55:42","slug":"vitrine-pour-modele-1-18","status":"publish","type":"product","link":"https:\/\/modelkars.com\/fr\/shop\/accessoires\/vitrine-pour-modele-1-18\/","title":{"rendered":"Vitrine pour mod\u00e8le 1:18\u00e8me"},"content":{"rendered":"<div class=\"row row-collapse row-full-width\"  id=\"row-1118615522\">\n\n\t<div id=\"col-1314064932\" class=\"col medium-6 large-4\"  >\n\t\t\t\t<div class=\"col-inner\"  >\n\t\t\t\n\t\t\t\n\n  <div class=\"banner has-hover\" id=\"banner-776904098\">\n          <div class=\"banner-inner fill\">\n        <div class=\"banner-bg fill\" >\n            <img decoding=\"async\" width=\"1020\" height=\"1020\" src=\"https:\/\/modelkars.com\/wp-content\/uploads\/99115-001-vitrine-1-18-clip1-1050x1050.jpg\" class=\"bg attachment-large size-large\" alt=\"\" \/>                                    \n                    <\/div>\n\t\t\n        <div class=\"banner-layers container\">\n            <div class=\"fill banner-link\"><\/div>            \n   <div id=\"text-box-420805524\" class=\"text-box banner-layer x5 md-x5 lg-x5 y100 md-y90 lg-y95 res-text\">\n                                <div class=\"text-box-content text text-shadow-2\">\n              \n              <div class=\"text-inner text-left\">\n                  \n<h3>Deux encoches de verrouillage.<\/h3>\n<p>Clipsez simplement la vitrine \u00e0 l&rsquo;int\u00e9rieur.<\/p>\n              <\/div>\n           <\/div>\n                            \n<style>\n#text-box-420805524 {\n  width: 81%;\n}\n#text-box-420805524 .text-box-content {\n  font-size: 100%;\n}\n@media (min-width:550px) {\n  #text-box-420805524 {\n    width: 50%;\n  }\n}\n@media (min-width:850px) {\n  #text-box-420805524 .text-box-content {\n    font-size: 200%;\n  }\n}\n<\/style>\n    <\/div>\n \n        <\/div>\n      <\/div>\n\n            \n<style>\n#banner-776904098 {\n  padding-top: 150%;\n}\n@media (min-width:550px) {\n  #banner-776904098 {\n    padding-top: 500px;\n  }\n}\n<\/style>\n  <\/div>\n\n\n\t\t<\/div>\n\t\t\t\t\t<\/div>\n\n\t\n\n\t<div id=\"col-2052776309\" class=\"col medium-6 large-4\"  >\n\t\t\t\t<div class=\"col-inner\"  >\n\t\t\t\n\t\t\t\n\n  <div class=\"banner has-hover\" id=\"banner-1397781234\">\n          <div class=\"banner-inner fill\">\n        <div class=\"banner-bg fill\" >\n            <img decoding=\"async\" width=\"1020\" height=\"1020\" src=\"https:\/\/modelkars.com\/wp-content\/uploads\/99115-001-vitrine-1-18-clip2-1050x1050.jpg\" class=\"bg attachment-large size-large\" alt=\"\" \/>                                    \n                    <\/div>\n\t\t\n        <div class=\"banner-layers container\">\n            <div class=\"fill banner-link\"><\/div>            \n   <div id=\"text-box-1190011860\" class=\"text-box banner-layer x5 md-x5 lg-x5 y90 md-y90 lg-y90 res-text\">\n                                <div class=\"text-box-content text text-shadow-2\">\n              \n              <div class=\"text-inner text-left\">\n                  \n<h3>Et voil\u00e0 !<\/h3>\n<p>La vitrine est s\u00e9curis\u00e9e.<\/p>\n              <\/div>\n           <\/div>\n                            \n<style>\n#text-box-1190011860 {\n  width: 60%;\n}\n#text-box-1190011860 .text-box-content {\n  font-size: 100%;\n}\n@media (min-width:550px) {\n  #text-box-1190011860 {\n    width: 50%;\n  }\n}\n@media (min-width:850px) {\n  #text-box-1190011860 .text-box-content {\n    font-size: 200%;\n  }\n}\n<\/style>\n    <\/div>\n \n        <\/div>\n      <\/div>\n\n            \n<style>\n#banner-1397781234 {\n  padding-top: 150%;\n}\n@media (min-width:550px) {\n  #banner-1397781234 {\n    padding-top: 500px;\n  }\n}\n<\/style>\n  <\/div>\n\n\n\t\t<\/div>\n\t\t\t\t\t<\/div>\n\n\t\n\n\t<div id=\"col-1239742618\" class=\"col medium-12 large-4\"  >\n\t\t\t\t<div class=\"col-inner\"  >\n\t\t\t\n\t\t\t\n\n  <div class=\"banner has-hover\" id=\"banner-484591860\">\n          <div class=\"banner-inner fill\">\n        <div class=\"banner-bg fill\" >\n            <img decoding=\"async\" width=\"1020\" height=\"637\" src=\"https:\/\/modelkars.com\/wp-content\/uploads\/99115-001-vitrine-1-18-modelcar-1050x656.jpg\" class=\"bg attachment-large size-large\" alt=\"\" \/>                                    \n                    <\/div>\n\t\t\n        <div class=\"banner-layers container\">\n            <div class=\"fill banner-link\"><\/div>            \n        <\/div>\n      <\/div>\n\n            \n<style>\n#banner-484591860 {\n  padding-top: 99.99%;\n}\n@media (min-width:550px) {\n  #banner-484591860 {\n    padding-top: 500px;\n  }\n}\n<\/style>\n  <\/div>\n\n\n\t\t<\/div>\n\t\t\t\t\t<\/div>\n\n\t\n<\/div>\n\t<div id=\"gap-436296063\" class=\"gap-element clearfix\" style=\"display:block; height:auto;\">\n\t\t\n<style>\n#gap-436296063 {\n  padding-top: 60px;\n}\n<\/style>\n\t<\/div>\n\t\n<div class=\"container section-title-container\" style=\"margin-bottom:0px;\"><h3 class=\"section-title section-title-center\"><b aria-hidden=\"true\"><\/b><span class=\"section-title-main\" >Caract\u00e9ristiques techniques<\/span><b aria-hidden=\"true\"><\/b><\/h3><\/div>\n\n\t<section class=\"section\" id=\"section_1682509934\">\n\t\t<div class=\"section-bg fill\" >\n\t\t\t\t\t\t\t\t\t\n\t\t\t\n\n\t\t<\/div>\n\n\t\t\n\n\t\t<div class=\"section-content relative\">\n\t\t\t\n<div class=\"row row-large align-equal row-solid\"  id=\"row-148609216\">\n\n\t<div id=\"col-808493717\" class=\"col medium-6 small-12 large-6\"  >\n\t\t\t\t<div class=\"col-inner\"  >\n\t\t\t\n\t\t\t\n\t<div class=\"img has-hover x md-x lg-x y md-y lg-y\" id=\"image_477647981\">\n\t\t\t\t\t\t\t\t<div class=\"img-inner dark\" >\n\t\t\t<img decoding=\"async\" width=\"1020\" height=\"638\" src=\"https:\/\/modelkars.com\/wp-content\/uploads\/99115-001-vitrine-1-18-1200x750.jpg\" class=\"attachment-large size-large\" alt=\"\" srcset=\"https:\/\/modelkars.com\/wp-content\/uploads\/99115-001-vitrine-1-18-1200x750.jpg 1200w, https:\/\/modelkars.com\/wp-content\/uploads\/99115-001-vitrine-1-18-680x425.jpg 680w, https:\/\/modelkars.com\/wp-content\/uploads\/99115-001-vitrine-1-18-64x40.jpg 64w, https:\/\/modelkars.com\/wp-content\/uploads\/99115-001-vitrine-1-18-1536x960.jpg 1536w, https:\/\/modelkars.com\/wp-content\/uploads\/99115-001-vitrine-1-18.jpg 1920w\" sizes=\"(max-width: 1020px) 100vw, 1020px\" \/>\t\t\t\t\t\t\n\t\t\t\t\t<\/div>\n\t\t\t\t\t\t\t\t\n<style>\n#image_477647981 {\n  width: 100%;\n}\n<\/style>\n\t<\/div>\n\t\n\t\t<\/div>\n\t\t\t\t\t<\/div>\n\n\t\n\n\t<div id=\"col-1067893828\" class=\"col medium-6 small-12 large-6\"  >\n\t\t\t\t<div class=\"col-inner text-left\"  >\n\t\t\t\n\t\t\t\n<ul>\n<li>Socle en mati\u00e8re plastique, vitre en plexiglass transparent.<\/li>\n<li>Encoches pour maintenir la vitre.<\/li>\n<li>Pas de per\u00e7age sur le socle.<\/li>\n<li>Dimensions : 32x14x10 cm.<\/li>\n<li>Id\u00e9al pour les mod\u00e8les \u00e0 l&rsquo;\u00e9chelle <span class=\"fancy-underline\">1:18\u00e8me<\/span>.<\/li>\n<\/ul>\n<p><span style=\"font-size: 80%\"><em>Mod\u00e8le de pr\u00e9sentation non fourni (disponible sur notre boutique).<\/em><\/span><\/p>\n\n\n\t\t<\/div>\n\t\t\t\t\t<\/div>\n\n\t\n<\/div>\n\t\t<\/div>\n\n\t\t\n<style>\n#section_1682509934 {\n  padding-top: 0px;\n  padding-bottom: 0px;\n  background-color: rgb(241, 241, 241);\n}\n@media (min-width:550px) {\n  #section_1682509934 {\n    padding-top: 60px;\n    padding-bottom: 60px;\n  }\n}\n<\/style>\n\t<\/section>\n\t\n","protected":false},"excerpt":{"rendered":"<p>Prot\u00e9gez vos voitures miniatures et donnez leur l&rsquo;\u00e9l\u00e9gance qu&rsquo;elles m\u00e9ritent ! Cette bo\u00eete vitrine en plexiglass transparent est adapt\u00e9e \u00e0 la plupart des mod\u00e8les r\u00e9duits \u00e0 l&rsquo;\u00e9chelle 1:18\u00e8me. Le socle en plastique noir mettra en valeur vos plus beaux mod\u00e8les et la bo\u00eete en acrylique (plexiglass transparent de qualit\u00e9 sup\u00e9rieure) le prot\u00e8gera de la poussi\u00e8re et des chocs.<\/p>\n","protected":false},"featured_media":3045,"template":"","meta":{"_seopress_robots_primary_cat":"","_seopress_titles_title":"","_seopress_titles_desc":"","_seopress_robots_index":""},"product_brand":[],"product_cat":[167],"product_tag":[],"class_list":{"0":"post-3039","1":"product","2":"type-product","3":"status-publish","4":"has-post-thumbnail","6":"product_cat-accessoires","8":"first","9":"outofstock","10":"taxable","11":"shipping-taxable","12":"purchasable","13":"product-type-simple"},"_links":{"self":[{"href":"https:\/\/modelkars.com\/fr\/wp-json\/wp\/v2\/product\/3039","targetHints":{"allow":["GET"]}}],"collection":[{"href":"https:\/\/modelkars.com\/fr\/wp-json\/wp\/v2\/product"}],"about":[{"href":"https:\/\/modelkars.com\/fr\/wp-json\/wp\/v2\/types\/product"}],"wp:featuredmedia":[{"embeddable":true,"href":"https:\/\/modelkars.com\/fr\/wp-json\/wp\/v2\/media\/3045"}],"wp:attachment":[{"href":"https:\/\/modelkars.com\/fr\/wp-json\/wp\/v2\/media?parent=3039"}],"wp:term":[{"taxonomy":"product_brand","embeddable":true,"href":"https:\/\/modelkars.com\/fr\/wp-json\/wp\/v2\/product_brand?post=3039"},{"taxonomy":"product_cat","embeddable":true,"href":"https:\/\/modelkars.com\/fr\/wp-json\/wp\/v2\/product_cat?post=3039"},{"taxonomy":"product_tag","embeddable":true,"href":"https:\/\/modelkars.com\/fr\/wp-json\/wp\/v2\/product_tag?post=3039"}],"curies":[{"name":"wp","href":"https:\/\/api.w.org\/{rel}","templated":true}]}}