{"id":30353,"date":"2023-11-25T13:43:51","date_gmt":"2023-11-25T12:43:51","guid":{"rendered":"https:\/\/modelkars.com\/?post_type=product&#038;p=30353"},"modified":"2025-12-02T00:00:34","modified_gmt":"2025-12-01T23:00:34","slug":"p18192f-pagani-imola-2020-noir-matte-carbone","status":"publish","type":"product","link":"https:\/\/modelkars.com\/fr\/shop\/bbr\/p18192f-pagani-imola-2020-noir-matte-carbone\/","title":{"rendered":"Pagani Imola 2020"},"content":{"rendered":"","protected":false},"excerpt":{"rendered":"<p>La Pagani Imola est une version extr\u00eame de la Huayra et produite \u00e0 seulement 5 exemplaires. Cette version noire matte est fabriqu\u00e9e par BBR \u00e0 l\u2019\u00e9chelle 1\/18 \u00e0 seulement 200 exemplaires. Ce mod\u00e8le est livr\u00e9 avec une vitrine haut de gamme en plexiglass.<\/p>\n","protected":false},"featured_media":46809,"template":"","meta":{"_seopress_robots_primary_cat":"","_seopress_titles_title":"","_seopress_titles_desc":"","_seopress_robots_index":""},"product_brand":[],"product_cat":[315],"product_tag":[84,93,92,85,86,323],"class_list":{"0":"post-30353","1":"product","2":"type-product","3":"status-publish","4":"has-post-thumbnail","6":"product_cat-bbr","7":"product_tag-echelle-118","8":"product_tag-edition-limitee","9":"product_tag-resine","10":"product_tag-sans-ouvrants","11":"product_tag-socle-inclus","12":"product_tag-vitrine-incluse","14":"first","15":"instock","16":"taxable","17":"shipping-taxable","18":"purchasable","19":"product-type-simple"},"_links":{"self":[{"href":"https:\/\/modelkars.com\/fr\/wp-json\/wp\/v2\/product\/30353","targetHints":{"allow":["GET"]}}],"collection":[{"href":"https:\/\/modelkars.com\/fr\/wp-json\/wp\/v2\/product"}],"about":[{"href":"https:\/\/modelkars.com\/fr\/wp-json\/wp\/v2\/types\/product"}],"wp:featuredmedia":[{"embeddable":true,"href":"https:\/\/modelkars.com\/fr\/wp-json\/wp\/v2\/media\/46809"}],"wp:attachment":[{"href":"https:\/\/modelkars.com\/fr\/wp-json\/wp\/v2\/media?parent=30353"}],"wp:term":[{"taxonomy":"product_brand","embeddable":true,"href":"https:\/\/modelkars.com\/fr\/wp-json\/wp\/v2\/product_brand?post=30353"},{"taxonomy":"product_cat","embeddable":true,"href":"https:\/\/modelkars.com\/fr\/wp-json\/wp\/v2\/product_cat?post=30353"},{"taxonomy":"product_tag","embeddable":true,"href":"https:\/\/modelkars.com\/fr\/wp-json\/wp\/v2\/product_tag?post=30353"}],"curies":[{"name":"wp","href":"https:\/\/api.w.org\/{rel}","templated":true}]}}