{"id":30329,"date":"2023-03-08T11:51:43","date_gmt":"2023-03-08T10:51:43","guid":{"rendered":"https:\/\/modelkars.com\/?post_type=product&#038;p=30329"},"modified":"2025-12-01T01:53:55","modified_gmt":"2025-12-01T00:53:55","slug":"p18162cl-ferrari-488-pista-spider-charles-leclerc","status":"publish","type":"product","link":"https:\/\/modelkars.com\/fr\/shop\/bbr\/p18162cl-ferrari-488-pista-spider-charles-leclerc\/","title":{"rendered":"Ferrari 488 Pista Piloti"},"content":{"rendered":"","protected":false},"excerpt":{"rendered":"<p>Ce mod\u00e8le r\u00e9duit haut de gamme reproduit la Ferrari 488 Pista Spider de Charles Leclerc dans une r\u00e9plique extr\u00eamement fid\u00e8le. Ce mod\u00e8le unique r\u00e9alis\u00e9 sur mesure, de couleur noire matte, est frapp\u00e9 du num\u00e9ro 16 et poss\u00e8de deux bandes rouges et blanches en r\u00e9f\u00e9rence au drapeau mon\u00e9gasque. Cette miniature haut de gamme est fabriqu\u00e9e par BBR \u00e0 l\u2019\u00e9chelle 1:18\u00e8me et livr\u00e9e sur un support de qualit\u00e9 et comprend une vitrine en plexiglass. Mod\u00e8le limit\u00e9 \u00e0 266 exemplaires num\u00e9rot\u00e9s.<\/p>\n","protected":false},"featured_media":39269,"template":"","meta":{"_seopress_robots_primary_cat":"none","_seopress_titles_title":"","_seopress_titles_desc":"","_seopress_robots_index":""},"product_brand":[],"product_cat":[315],"product_tag":[84,93,85,86,323],"class_list":{"0":"post-30329","1":"product","2":"type-product","3":"status-publish","4":"has-post-thumbnail","6":"product_cat-bbr","7":"product_tag-echelle-118","8":"product_tag-edition-limitee","9":"product_tag-sans-ouvrants","10":"product_tag-socle-inclus","11":"product_tag-vitrine-incluse","13":"first","14":"outofstock","15":"taxable","16":"shipping-taxable","17":"purchasable","18":"product-type-simple"},"_links":{"self":[{"href":"https:\/\/modelkars.com\/fr\/wp-json\/wp\/v2\/product\/30329","targetHints":{"allow":["GET"]}}],"collection":[{"href":"https:\/\/modelkars.com\/fr\/wp-json\/wp\/v2\/product"}],"about":[{"href":"https:\/\/modelkars.com\/fr\/wp-json\/wp\/v2\/types\/product"}],"wp:featuredmedia":[{"embeddable":true,"href":"https:\/\/modelkars.com\/fr\/wp-json\/wp\/v2\/media\/39269"}],"wp:attachment":[{"href":"https:\/\/modelkars.com\/fr\/wp-json\/wp\/v2\/media?parent=30329"}],"wp:term":[{"taxonomy":"product_brand","embeddable":true,"href":"https:\/\/modelkars.com\/fr\/wp-json\/wp\/v2\/product_brand?post=30329"},{"taxonomy":"product_cat","embeddable":true,"href":"https:\/\/modelkars.com\/fr\/wp-json\/wp\/v2\/product_cat?post=30329"},{"taxonomy":"product_tag","embeddable":true,"href":"https:\/\/modelkars.com\/fr\/wp-json\/wp\/v2\/product_tag?post=30329"}],"curies":[{"name":"wp","href":"https:\/\/api.w.org\/{rel}","templated":true}]}}