{"id":30305,"date":"2022-02-21T00:00:00","date_gmt":"2022-02-20T23:00:00","guid":{"rendered":"https:\/\/modelkars.com\/?post_type=product&#038;p=30305"},"modified":"2025-12-01T01:54:27","modified_gmt":"2025-12-01T00:54:27","slug":"p18159c-pagani-huayra-roadster-bc-rouge-carbone","status":"publish","type":"product","link":"https:\/\/modelkars.com\/fr\/shop\/bbr\/p18159c-pagani-huayra-roadster-bc-rouge-carbone\/","title":{"rendered":"Pagani Huayra Roadster BC"},"content":{"rendered":"","protected":false},"excerpt":{"rendered":"<p>Cette superbe Pagani Huayra Roadster BC de couleur rouge fonc\u00e9 et carbone est fabriqu\u00e9e par BBR et limit\u00e9e \u00e0 seulement 48 pi\u00e8ces num\u00e9rot\u00e9es.<\/p>\n","protected":false},"featured_media":30287,"template":"","meta":{"_seopress_robots_primary_cat":"","_seopress_titles_title":"","_seopress_titles_desc":"","_seopress_robots_index":""},"product_brand":[],"product_cat":[315],"product_tag":[84,92,85,86],"class_list":{"0":"post-30305","1":"product","2":"type-product","3":"status-publish","4":"has-post-thumbnail","6":"product_cat-bbr","7":"product_tag-echelle-118","8":"product_tag-resine","9":"product_tag-sans-ouvrants","10":"product_tag-socle-inclus","12":"first","13":"outofstock","14":"taxable","15":"shipping-taxable","16":"purchasable","17":"product-type-simple"},"_links":{"self":[{"href":"https:\/\/modelkars.com\/fr\/wp-json\/wp\/v2\/product\/30305","targetHints":{"allow":["GET"]}}],"collection":[{"href":"https:\/\/modelkars.com\/fr\/wp-json\/wp\/v2\/product"}],"about":[{"href":"https:\/\/modelkars.com\/fr\/wp-json\/wp\/v2\/types\/product"}],"wp:featuredmedia":[{"embeddable":true,"href":"https:\/\/modelkars.com\/fr\/wp-json\/wp\/v2\/media\/30287"}],"wp:attachment":[{"href":"https:\/\/modelkars.com\/fr\/wp-json\/wp\/v2\/media?parent=30305"}],"wp:term":[{"taxonomy":"product_brand","embeddable":true,"href":"https:\/\/modelkars.com\/fr\/wp-json\/wp\/v2\/product_brand?post=30305"},{"taxonomy":"product_cat","embeddable":true,"href":"https:\/\/modelkars.com\/fr\/wp-json\/wp\/v2\/product_cat?post=30305"},{"taxonomy":"product_tag","embeddable":true,"href":"https:\/\/modelkars.com\/fr\/wp-json\/wp\/v2\/product_tag?post=30305"}],"curies":[{"name":"wp","href":"https:\/\/api.w.org\/{rel}","templated":true}]}}