{"id":30255,"date":"2023-02-17T00:00:01","date_gmt":"2023-02-16T23:00:01","guid":{"rendered":"https:\/\/modelkars.com\/?post_type=product&#038;p=30255"},"modified":"2025-12-01T01:53:56","modified_gmt":"2025-12-01T00:53:56","slug":"79160-lamborghini-urus-orange","status":"publish","type":"product","link":"https:\/\/modelkars.com\/fr\/shop\/autoart\/79160-lamborghini-urus-orange\/","title":{"rendered":"Lamborghini Urus"},"content":{"rendered":"","protected":false},"excerpt":{"rendered":"<p>Cette Lamborghini Urus \u00e0 l\u2019\u00e9chelle 1:18\u00e8me est fabriqu\u00e9e par AUTOart dans une livr\u00e9e orange (Arancio Borealis). Les portes avant et arri\u00e8re, le capot moteur ainsi que le coffre peuvent s&rsquo;ouvrir.<\/p>\n","protected":false},"featured_media":36673,"template":"","meta":{"_seopress_robots_primary_cat":"none","_seopress_titles_title":"","_seopress_titles_desc":"","_seopress_robots_index":""},"product_brand":[],"product_cat":[118],"product_tag":[117,119,84],"class_list":{"0":"post-30255","1":"product","2":"type-product","3":"status-publish","4":"has-post-thumbnail","6":"product_cat-autoart","7":"product_tag-avec-ouvrants","8":"product_tag-composite","9":"product_tag-echelle-118","10":"product_shipping_class-delivengo","12":"first","13":"outofstock","14":"taxable","15":"shipping-taxable","16":"purchasable","17":"product-type-simple"},"_links":{"self":[{"href":"https:\/\/modelkars.com\/fr\/wp-json\/wp\/v2\/product\/30255","targetHints":{"allow":["GET"]}}],"collection":[{"href":"https:\/\/modelkars.com\/fr\/wp-json\/wp\/v2\/product"}],"about":[{"href":"https:\/\/modelkars.com\/fr\/wp-json\/wp\/v2\/types\/product"}],"wp:featuredmedia":[{"embeddable":true,"href":"https:\/\/modelkars.com\/fr\/wp-json\/wp\/v2\/media\/36673"}],"wp:attachment":[{"href":"https:\/\/modelkars.com\/fr\/wp-json\/wp\/v2\/media?parent=30255"}],"wp:term":[{"taxonomy":"product_brand","embeddable":true,"href":"https:\/\/modelkars.com\/fr\/wp-json\/wp\/v2\/product_brand?post=30255"},{"taxonomy":"product_cat","embeddable":true,"href":"https:\/\/modelkars.com\/fr\/wp-json\/wp\/v2\/product_cat?post=30255"},{"taxonomy":"product_tag","embeddable":true,"href":"https:\/\/modelkars.com\/fr\/wp-json\/wp\/v2\/product_tag?post=30255"}],"curies":[{"name":"wp","href":"https:\/\/api.w.org\/{rel}","templated":true}]}}