{"id":30223,"date":"2023-07-07T00:00:01","date_gmt":"2023-07-06T22:00:01","guid":{"rendered":"https:\/\/modelkars.com\/?post_type=product&#038;p=30223"},"modified":"2025-12-01T01:53:43","modified_gmt":"2025-12-01T00:53:43","slug":"79127-lamborghini-huracan-gt-liberty-walk-lb-silhouette-jaune","status":"publish","type":"product","link":"https:\/\/modelkars.com\/fr\/shop\/autoart\/79127-lamborghini-huracan-gt-liberty-walk-lb-silhouette-jaune\/","title":{"rendered":"Lamborghini Huracan GT Liberty Walk LB Silhouette"},"content":{"rendered":"","protected":false},"excerpt":{"rendered":"<p>Cette superbe Lamborghini Huracan de couleur jaune et transform\u00e9e par Liberty Walk est reproduite par AUTOart dans ses moindres d\u00e9tails. Ce mod\u00e8le \u00e0 l&rsquo;\u00e9chelle 1:18 comporte de nombreux ouvrants (portes, coffre, capot moteur) ainsi que les roues directionnelles.<\/p>\n","protected":false},"featured_media":43986,"template":"","meta":{"_seopress_robots_primary_cat":"none","_seopress_titles_title":"","_seopress_titles_desc":"","_seopress_robots_index":""},"product_brand":[],"product_cat":[118],"product_tag":[117,119,84],"class_list":{"0":"post-30223","1":"product","2":"type-product","3":"status-publish","4":"has-post-thumbnail","6":"product_cat-autoart","7":"product_tag-avec-ouvrants","8":"product_tag-composite","9":"product_tag-echelle-118","10":"product_shipping_class-delivengo","12":"first","13":"outofstock","14":"taxable","15":"shipping-taxable","16":"purchasable","17":"product-type-simple"},"_links":{"self":[{"href":"https:\/\/modelkars.com\/fr\/wp-json\/wp\/v2\/product\/30223","targetHints":{"allow":["GET"]}}],"collection":[{"href":"https:\/\/modelkars.com\/fr\/wp-json\/wp\/v2\/product"}],"about":[{"href":"https:\/\/modelkars.com\/fr\/wp-json\/wp\/v2\/types\/product"}],"wp:featuredmedia":[{"embeddable":true,"href":"https:\/\/modelkars.com\/fr\/wp-json\/wp\/v2\/media\/43986"}],"wp:attachment":[{"href":"https:\/\/modelkars.com\/fr\/wp-json\/wp\/v2\/media?parent=30223"}],"wp:term":[{"taxonomy":"product_brand","embeddable":true,"href":"https:\/\/modelkars.com\/fr\/wp-json\/wp\/v2\/product_brand?post=30223"},{"taxonomy":"product_cat","embeddable":true,"href":"https:\/\/modelkars.com\/fr\/wp-json\/wp\/v2\/product_cat?post=30223"},{"taxonomy":"product_tag","embeddable":true,"href":"https:\/\/modelkars.com\/fr\/wp-json\/wp\/v2\/product_tag?post=30223"}],"curies":[{"name":"wp","href":"https:\/\/api.w.org\/{rel}","templated":true}]}}