{"id":30194,"date":"2022-09-26T00:00:00","date_gmt":"2022-09-25T22:00:00","guid":{"rendered":"https:\/\/modelkars.com\/?post_type=product&#038;p=30194"},"modified":"2025-12-01T01:54:11","modified_gmt":"2025-12-01T00:54:11","slug":"77403-nissan-skyline-gtr-r34-jantes-bbs-violet","status":"publish","type":"product","link":"https:\/\/modelkars.com\/fr\/shop\/autoart\/77403-nissan-skyline-gtr-r34-jantes-bbs-violet\/","title":{"rendered":"Nissan Skyline GT-R (R34) V-SPEC II jantes BBS"},"content":{"rendered":"","protected":false},"excerpt":{"rendered":"<p>La Nissan GT-R (R34) en version V-SPEC II est fabriqu\u00e9e par AUTOart \u00e0 l\u2019\u00e9chelle 1\/18 dans sa version violette (Midnight Purple) avec jantes BBS LM. Ce mod\u00e8le r\u00e9duit haut de gamme poss\u00e8de de nombreux ouvrants.<\/p>\n","protected":false},"featured_media":33615,"template":"","meta":{"_seopress_robots_primary_cat":"","_seopress_titles_title":"","_seopress_titles_desc":"","_seopress_robots_index":""},"product_brand":[],"product_cat":[118],"product_tag":[117,119,84],"class_list":{"0":"post-30194","1":"product","2":"type-product","3":"status-publish","4":"has-post-thumbnail","6":"product_cat-autoart","7":"product_tag-avec-ouvrants","8":"product_tag-composite","9":"product_tag-echelle-118","10":"product_shipping_class-delivengo","12":"first","13":"outofstock","14":"taxable","15":"shipping-taxable","16":"purchasable","17":"product-type-simple"},"_links":{"self":[{"href":"https:\/\/modelkars.com\/fr\/wp-json\/wp\/v2\/product\/30194","targetHints":{"allow":["GET"]}}],"collection":[{"href":"https:\/\/modelkars.com\/fr\/wp-json\/wp\/v2\/product"}],"about":[{"href":"https:\/\/modelkars.com\/fr\/wp-json\/wp\/v2\/types\/product"}],"wp:featuredmedia":[{"embeddable":true,"href":"https:\/\/modelkars.com\/fr\/wp-json\/wp\/v2\/media\/33615"}],"wp:attachment":[{"href":"https:\/\/modelkars.com\/fr\/wp-json\/wp\/v2\/media?parent=30194"}],"wp:term":[{"taxonomy":"product_brand","embeddable":true,"href":"https:\/\/modelkars.com\/fr\/wp-json\/wp\/v2\/product_brand?post=30194"},{"taxonomy":"product_cat","embeddable":true,"href":"https:\/\/modelkars.com\/fr\/wp-json\/wp\/v2\/product_cat?post=30194"},{"taxonomy":"product_tag","embeddable":true,"href":"https:\/\/modelkars.com\/fr\/wp-json\/wp\/v2\/product_tag?post=30194"}],"curies":[{"name":"wp","href":"https:\/\/api.w.org\/{rel}","templated":true}]}}