{"id":30160,"date":"2022-02-18T13:54:02","date_gmt":"2022-02-18T12:54:02","guid":{"rendered":"https:\/\/modelkars.com\/?post_type=product&#038;p=30160"},"modified":"2025-12-01T01:54:28","modified_gmt":"2025-12-01T00:54:28","slug":"wap0210030mres-porsche-vision-gran-turismo-2022-blanc-onyx","status":"publish","type":"product","link":"https:\/\/modelkars.com\/fr\/shop\/spark\/wap0210030mres-porsche-vision-gran-turismo-2022-blanc-onyx\/","title":{"rendered":"Porsche Vision Gran Turismo"},"content":{"rendered":"","protected":false},"excerpt":{"rendered":"<p>Cette superbe Porsche Vision Gran Turismo (2022) est ici reproduite avec une grande fid\u00e9lit\u00e9 par Spark dans sa couleur blanche Onyx. Cette miniature est mod\u00e9lis\u00e9e \u00e0 l\u2019\u00e9chelle 1:18 et limit\u00e9e \u00e0 1000 exemplaires, chacun num\u00e9rot\u00e9. Mod\u00e8le Porsche officiel avec packaging aux couleurs du constructeur, livr\u00e9 sur socle et incluant une vitrine de haute qualit\u00e9.<\/p>\n","protected":false},"featured_media":30162,"template":"","meta":{"_seopress_robots_primary_cat":"none","_seopress_titles_title":"","_seopress_titles_desc":"","_seopress_robots_index":""},"product_brand":[],"product_cat":[216],"product_tag":[84,93,92,85,86,323],"class_list":{"0":"post-30160","1":"product","2":"type-product","3":"status-publish","4":"has-post-thumbnail","6":"product_cat-spark","7":"product_tag-echelle-118","8":"product_tag-edition-limitee","9":"product_tag-resine","10":"product_tag-sans-ouvrants","11":"product_tag-socle-inclus","12":"product_tag-vitrine-incluse","14":"first","15":"outofstock","16":"taxable","17":"shipping-taxable","18":"purchasable","19":"product-type-simple"},"_links":{"self":[{"href":"https:\/\/modelkars.com\/fr\/wp-json\/wp\/v2\/product\/30160","targetHints":{"allow":["GET"]}}],"collection":[{"href":"https:\/\/modelkars.com\/fr\/wp-json\/wp\/v2\/product"}],"about":[{"href":"https:\/\/modelkars.com\/fr\/wp-json\/wp\/v2\/types\/product"}],"wp:featuredmedia":[{"embeddable":true,"href":"https:\/\/modelkars.com\/fr\/wp-json\/wp\/v2\/media\/30162"}],"wp:attachment":[{"href":"https:\/\/modelkars.com\/fr\/wp-json\/wp\/v2\/media?parent=30160"}],"wp:term":[{"taxonomy":"product_brand","embeddable":true,"href":"https:\/\/modelkars.com\/fr\/wp-json\/wp\/v2\/product_brand?post=30160"},{"taxonomy":"product_cat","embeddable":true,"href":"https:\/\/modelkars.com\/fr\/wp-json\/wp\/v2\/product_cat?post=30160"},{"taxonomy":"product_tag","embeddable":true,"href":"https:\/\/modelkars.com\/fr\/wp-json\/wp\/v2\/product_tag?post=30160"}],"curies":[{"name":"wp","href":"https:\/\/api.w.org\/{rel}","templated":true}]}}