{"id":29726,"date":"2022-05-09T20:09:39","date_gmt":"2022-05-09T18:09:39","guid":{"rendered":"https:\/\/modelkars.com\/?post_type=product&#038;p=29726"},"modified":"2025-12-01T01:54:22","modified_gmt":"2025-12-01T00:54:22","slug":"wap0210890npkp-porsche-935-19-pikes-peak","status":"publish","type":"product","link":"https:\/\/modelkars.com\/fr\/shop\/spark\/wap0210890npkp-porsche-935-19-pikes-peak\/","title":{"rendered":"Porsche 935\/19 Pikes Peak #11"},"content":{"rendered":"","protected":false},"excerpt":{"rendered":"<p>Cette superbe Porsche 935\/19 ayant couru \u00e0 la course du Pikes Peak est ici reproduite avec une grande fid\u00e9lit\u00e9 par Spark. Cette miniature est mod\u00e9lis\u00e9e \u00e0 l\u2019\u00e9chelle 1:18 et limit\u00e9e \u00e0 300 exemplaires seulement ! Mod\u00e8le Porsche officiel et packaging aux couleurs du constructeur. Socle num\u00e9rot\u00e9 et vitrine transparente inclus.<\/p>\n","protected":false},"featured_media":29728,"template":"","meta":{"_seopress_robots_primary_cat":"none","_seopress_titles_title":"","_seopress_titles_desc":"","_seopress_robots_index":""},"product_brand":[],"product_cat":[216],"product_tag":[84,93,85,86,323],"class_list":{"0":"post-29726","1":"product","2":"type-product","3":"status-publish","4":"has-post-thumbnail","6":"product_cat-spark","7":"product_tag-echelle-118","8":"product_tag-edition-limitee","9":"product_tag-sans-ouvrants","10":"product_tag-socle-inclus","11":"product_tag-vitrine-incluse","13":"first","14":"outofstock","15":"taxable","16":"shipping-taxable","17":"purchasable","18":"product-type-simple"},"_links":{"self":[{"href":"https:\/\/modelkars.com\/fr\/wp-json\/wp\/v2\/product\/29726","targetHints":{"allow":["GET"]}}],"collection":[{"href":"https:\/\/modelkars.com\/fr\/wp-json\/wp\/v2\/product"}],"about":[{"href":"https:\/\/modelkars.com\/fr\/wp-json\/wp\/v2\/types\/product"}],"wp:featuredmedia":[{"embeddable":true,"href":"https:\/\/modelkars.com\/fr\/wp-json\/wp\/v2\/media\/29728"}],"wp:attachment":[{"href":"https:\/\/modelkars.com\/fr\/wp-json\/wp\/v2\/media?parent=29726"}],"wp:term":[{"taxonomy":"product_brand","embeddable":true,"href":"https:\/\/modelkars.com\/fr\/wp-json\/wp\/v2\/product_brand?post=29726"},{"taxonomy":"product_cat","embeddable":true,"href":"https:\/\/modelkars.com\/fr\/wp-json\/wp\/v2\/product_cat?post=29726"},{"taxonomy":"product_tag","embeddable":true,"href":"https:\/\/modelkars.com\/fr\/wp-json\/wp\/v2\/product_tag?post=29726"}],"curies":[{"name":"wp","href":"https:\/\/api.w.org\/{rel}","templated":true}]}}