{"id":29093,"date":"2022-06-30T00:00:00","date_gmt":"2022-06-29T22:00:00","guid":{"rendered":"https:\/\/modelkars.com\/?post_type=product&#038;p=29093"},"modified":"2025-12-01T01:54:18","modified_gmt":"2025-12-01T00:54:18","slug":"78174-porsche-911-gt2-rs-weissach-package-gt-silver","status":"publish","type":"product","link":"https:\/\/modelkars.com\/fr\/shop\/autoart\/78174-porsche-911-gt2-rs-weissach-package-gt-silver\/","title":{"rendered":"Porsche 911 (991.2) GT2 RS Weissach Package"},"content":{"rendered":"","protected":false},"excerpt":{"rendered":"<p>L\u2019embl\u00e9matique Porsche 911 type 991.2 est ici reproduite en version GT2 RS dans une livr\u00e9e grise GT Silver et pack Weissach. Fabriqu\u00e9e par AUTOart, cette miniature haut de gamme \u00e0 l\u2019\u00e9chelle 1:18 poss\u00e8de de nombreux ouvrants et pi\u00e8ces mobiles.<\/p>\n","protected":false},"featured_media":31245,"template":"","meta":{"_seopress_robots_primary_cat":"none","_seopress_titles_title":"","_seopress_titles_desc":"","_seopress_robots_index":""},"product_brand":[],"product_cat":[118],"product_tag":[117,119,84],"class_list":{"0":"post-29093","1":"product","2":"type-product","3":"status-publish","4":"has-post-thumbnail","6":"product_cat-autoart","7":"product_tag-avec-ouvrants","8":"product_tag-composite","9":"product_tag-echelle-118","10":"product_shipping_class-delivengo","12":"first","13":"outofstock","14":"taxable","15":"shipping-taxable","16":"purchasable","17":"product-type-simple"},"_links":{"self":[{"href":"https:\/\/modelkars.com\/fr\/wp-json\/wp\/v2\/product\/29093","targetHints":{"allow":["GET"]}}],"collection":[{"href":"https:\/\/modelkars.com\/fr\/wp-json\/wp\/v2\/product"}],"about":[{"href":"https:\/\/modelkars.com\/fr\/wp-json\/wp\/v2\/types\/product"}],"wp:featuredmedia":[{"embeddable":true,"href":"https:\/\/modelkars.com\/fr\/wp-json\/wp\/v2\/media\/31245"}],"wp:attachment":[{"href":"https:\/\/modelkars.com\/fr\/wp-json\/wp\/v2\/media?parent=29093"}],"wp:term":[{"taxonomy":"product_brand","embeddable":true,"href":"https:\/\/modelkars.com\/fr\/wp-json\/wp\/v2\/product_brand?post=29093"},{"taxonomy":"product_cat","embeddable":true,"href":"https:\/\/modelkars.com\/fr\/wp-json\/wp\/v2\/product_cat?post=29093"},{"taxonomy":"product_tag","embeddable":true,"href":"https:\/\/modelkars.com\/fr\/wp-json\/wp\/v2\/product_tag?post=29093"}],"curies":[{"name":"wp","href":"https:\/\/api.w.org\/{rel}","templated":true}]}}