{"id":28944,"date":"2021-12-23T15:22:11","date_gmt":"2021-12-23T14:22:11","guid":{"rendered":"https:\/\/modelkars.com\/?post_type=product&#038;p=28944"},"modified":"2025-12-01T01:54:33","modified_gmt":"2025-12-01T00:54:33","slug":"5012120151-audi-rs-etron-gt-prototype","status":"publish","type":"product","link":"https:\/\/modelkars.com\/fr\/shop\/norev\/5012120151-audi-rs-etron-gt-prototype\/","title":{"rendered":"Audi RS e-tron GT Prototype"},"content":{"rendered":"","protected":false},"excerpt":{"rendered":"<p>Cette Audi RS e-tron GT est ici reproduite par Norev en livr\u00e9e prototype de couleur noire et grise \u00e0 accents rouges. Fabriqu\u00e9e par Norev \u00e0 l&rsquo;\u00e9chelle 1:18\u00e8me, ce mod\u00e8le est une miniature officielle Audi.<\/p>\n","protected":false},"featured_media":28946,"template":"","meta":{"_seopress_robots_primary_cat":"none","_seopress_titles_title":"","_seopress_titles_desc":"","_seopress_robots_index":""},"product_brand":[],"product_cat":[270],"product_tag":[84,93,89,85],"class_list":{"0":"post-28944","1":"product","2":"type-product","3":"status-publish","4":"has-post-thumbnail","6":"product_cat-norev","7":"product_tag-echelle-118","8":"product_tag-edition-limitee","9":"product_tag-metal","10":"product_tag-sans-ouvrants","11":"product_shipping_class-delivengo","13":"first","14":"outofstock","15":"taxable","16":"shipping-taxable","17":"purchasable","18":"product-type-simple"},"_links":{"self":[{"href":"https:\/\/modelkars.com\/fr\/wp-json\/wp\/v2\/product\/28944","targetHints":{"allow":["GET"]}}],"collection":[{"href":"https:\/\/modelkars.com\/fr\/wp-json\/wp\/v2\/product"}],"about":[{"href":"https:\/\/modelkars.com\/fr\/wp-json\/wp\/v2\/types\/product"}],"wp:featuredmedia":[{"embeddable":true,"href":"https:\/\/modelkars.com\/fr\/wp-json\/wp\/v2\/media\/28946"}],"wp:attachment":[{"href":"https:\/\/modelkars.com\/fr\/wp-json\/wp\/v2\/media?parent=28944"}],"wp:term":[{"taxonomy":"product_brand","embeddable":true,"href":"https:\/\/modelkars.com\/fr\/wp-json\/wp\/v2\/product_brand?post=28944"},{"taxonomy":"product_cat","embeddable":true,"href":"https:\/\/modelkars.com\/fr\/wp-json\/wp\/v2\/product_cat?post=28944"},{"taxonomy":"product_tag","embeddable":true,"href":"https:\/\/modelkars.com\/fr\/wp-json\/wp\/v2\/product_tag?post=28944"}],"curies":[{"name":"wp","href":"https:\/\/api.w.org\/{rel}","templated":true}]}}