{"id":28145,"date":"2021-12-17T00:00:00","date_gmt":"2021-12-16T23:00:00","guid":{"rendered":"https:\/\/modelkars.com\/?post_type=product&#038;p=28145"},"modified":"2025-12-02T00:00:41","modified_gmt":"2025-12-01T23:00:41","slug":"5012120052-audi-rs-etron-gt-chrome-matt","status":"publish","type":"product","link":"https:\/\/modelkars.com\/fr\/shop\/norev\/5012120052-audi-rs-etron-gt-chrome-matt\/","title":{"rendered":"Audi RS e-tron GT"},"content":{"rendered":"","protected":false},"excerpt":{"rendered":"<p>Cette superbe Audi RS e-tron GT est r\u00e9alis\u00e9e par Norev dans une superbe livr\u00e9e grise chrome mate. Mod\u00e8le officiel livr\u00e9 dans son packaging Audi.<\/p>\n","protected":false},"featured_media":28146,"template":"","meta":{"_seopress_robots_primary_cat":"","_seopress_titles_title":"","_seopress_titles_desc":"","_seopress_robots_index":""},"product_brand":[],"product_cat":[270],"product_tag":[84,85],"class_list":{"0":"post-28145","1":"product","2":"type-product","3":"status-publish","4":"has-post-thumbnail","6":"product_cat-norev","7":"product_tag-echelle-118","8":"product_tag-sans-ouvrants","9":"product_shipping_class-delivengo","11":"first","12":"instock","13":"taxable","14":"shipping-taxable","15":"purchasable","16":"product-type-simple"},"_links":{"self":[{"href":"https:\/\/modelkars.com\/fr\/wp-json\/wp\/v2\/product\/28145","targetHints":{"allow":["GET"]}}],"collection":[{"href":"https:\/\/modelkars.com\/fr\/wp-json\/wp\/v2\/product"}],"about":[{"href":"https:\/\/modelkars.com\/fr\/wp-json\/wp\/v2\/types\/product"}],"wp:featuredmedia":[{"embeddable":true,"href":"https:\/\/modelkars.com\/fr\/wp-json\/wp\/v2\/media\/28146"}],"wp:attachment":[{"href":"https:\/\/modelkars.com\/fr\/wp-json\/wp\/v2\/media?parent=28145"}],"wp:term":[{"taxonomy":"product_brand","embeddable":true,"href":"https:\/\/modelkars.com\/fr\/wp-json\/wp\/v2\/product_brand?post=28145"},{"taxonomy":"product_cat","embeddable":true,"href":"https:\/\/modelkars.com\/fr\/wp-json\/wp\/v2\/product_cat?post=28145"},{"taxonomy":"product_tag","embeddable":true,"href":"https:\/\/modelkars.com\/fr\/wp-json\/wp\/v2\/product_tag?post=28145"}],"curies":[{"name":"wp","href":"https:\/\/api.w.org\/{rel}","templated":true}]}}