{"id":27563,"date":"2021-11-09T09:22:16","date_gmt":"2021-11-09T08:22:16","guid":{"rendered":"https:\/\/modelkars.com\/?post_type=product&#038;p=27563"},"modified":"2025-12-01T01:54:39","modified_gmt":"2025-12-01T00:54:39","slug":"p1867dubai-ferrari-laferrari-purple-dubai-808","status":"publish","type":"product","link":"https:\/\/modelkars.com\/fr\/shop\/bbr\/p1867dubai-ferrari-laferrari-purple-dubai-808\/","title":{"rendered":"Ferrari LaFerrari"},"content":{"rendered":"","protected":false},"excerpt":{"rendered":"<p>Cet exemplaire de LaFerrari unique au monde a \u00e9t\u00e9 r\u00e9alis\u00e9 sur mesure par Ferrari pour un client \u00e0 Duba\u00ef. Outre sa livr\u00e9e violette caract\u00e9ristique et quelques accents jaunes, cette voiture poss\u00e8de des jantes noires sp\u00e9cifiques ainsi que les embl\u00e8mes Ferrari en carbone. Ce mod\u00e8le r\u00e9duit haut de gamme est r\u00e9alis\u00e9 par BBR \u00e0 seulement 79 exemplaires num\u00e9rot\u00e9s. Il est livr\u00e9 sur un socle sp\u00e9cifique et avec sa vitrine en plexiglass de haute qualit\u00e9.<\/p>\n","protected":false},"featured_media":27569,"template":"","meta":{"_seopress_robots_primary_cat":"","_seopress_titles_title":"","_seopress_titles_desc":"","_seopress_robots_index":""},"product_brand":[],"product_cat":[315],"product_tag":[84,93,92,85,86,323],"class_list":{"0":"post-27563","1":"product","2":"type-product","3":"status-publish","4":"has-post-thumbnail","6":"product_cat-bbr","7":"product_tag-echelle-118","8":"product_tag-edition-limitee","9":"product_tag-resine","10":"product_tag-sans-ouvrants","11":"product_tag-socle-inclus","12":"product_tag-vitrine-incluse","14":"first","15":"outofstock","16":"taxable","17":"shipping-taxable","18":"purchasable","19":"product-type-simple"},"_links":{"self":[{"href":"https:\/\/modelkars.com\/fr\/wp-json\/wp\/v2\/product\/27563","targetHints":{"allow":["GET"]}}],"collection":[{"href":"https:\/\/modelkars.com\/fr\/wp-json\/wp\/v2\/product"}],"about":[{"href":"https:\/\/modelkars.com\/fr\/wp-json\/wp\/v2\/types\/product"}],"wp:featuredmedia":[{"embeddable":true,"href":"https:\/\/modelkars.com\/fr\/wp-json\/wp\/v2\/media\/27569"}],"wp:attachment":[{"href":"https:\/\/modelkars.com\/fr\/wp-json\/wp\/v2\/media?parent=27563"}],"wp:term":[{"taxonomy":"product_brand","embeddable":true,"href":"https:\/\/modelkars.com\/fr\/wp-json\/wp\/v2\/product_brand?post=27563"},{"taxonomy":"product_cat","embeddable":true,"href":"https:\/\/modelkars.com\/fr\/wp-json\/wp\/v2\/product_cat?post=27563"},{"taxonomy":"product_tag","embeddable":true,"href":"https:\/\/modelkars.com\/fr\/wp-json\/wp\/v2\/product_tag?post=27563"}],"curies":[{"name":"wp","href":"https:\/\/api.w.org\/{rel}","templated":true}]}}