{"id":2753,"date":"2019-01-04T12:48:18","date_gmt":"2019-01-04T11:48:18","guid":{"rendered":"https:\/\/modelkars.com\/?post_type=product&#038;p=2753"},"modified":"2025-12-01T01:55:42","modified_gmt":"2025-12-01T00:55:42","slug":"hennessey-camaro-zl1-the-exorcist","status":"publish","type":"product","link":"https:\/\/modelkars.com\/fr\/shop\/gt-spirit\/hennessey-camaro-zl1-the-exorcist\/","title":{"rendered":"Hennessey Camaro ZL1 \u00ab The Exorcist \u00bb"},"content":{"rendered":"\n\t<section class=\"section\" id=\"section_642232977\">\n\t\t<div class=\"section-bg fill\" >\n\t\t\t\t\t\t\t\t\t\n\t\t\t\n\n\t\t<\/div>\n\n\t\t\n\n\t\t<div class=\"section-content relative\">\n\t\t\t\n  <div class=\"banner-grid-wrapper\">\n  <div id=\"banner-grid-681706809\" class=\"banner-grid row row-grid row-small\" data-packery-options=\"\">\n                      \n<div class=\"col grid-col large-5 grid-col-2-3\" ><div class=\"col-inner\">\n\t<div class=\"img has-hover x md-x lg-x y md-y lg-y\" id=\"image_1864196410\">\n\t\t\t\t\t\t\t\t<div class=\"img-inner dark\" >\n\t\t\t<img decoding=\"async\" width=\"1020\" height=\"1020\" src=\"https:\/\/modelkars.com\/wp-content\/uploads\/gt225_rear_badge-1050x1050.jpg\" class=\"attachment-large size-large\" alt=\"\" srcset=\"https:\/\/modelkars.com\/wp-content\/uploads\/gt225_rear_badge-1050x1050.jpg 1050w, https:\/\/modelkars.com\/wp-content\/uploads\/gt225_rear_badge-680x680.jpg 680w, https:\/\/modelkars.com\/wp-content\/uploads\/gt225_rear_badge-64x64.jpg 64w, https:\/\/modelkars.com\/wp-content\/uploads\/gt225_rear_badge-280x280.jpg 280w, https:\/\/modelkars.com\/wp-content\/uploads\/gt225_rear_badge-690x690.jpg 690w, https:\/\/modelkars.com\/wp-content\/uploads\/gt225_rear_badge-768x768.jpg 768w, https:\/\/modelkars.com\/wp-content\/uploads\/gt225_rear_badge.jpg 1200w\" sizes=\"(max-width: 1020px) 100vw, 1020px\" \/>\t\t\t\t\t\t\n\t\t\t\t\t<\/div>\n\t\t\t\t\t\t\t\t\n<style>\n#image_1864196410 {\n  width: 100%;\n}\n<\/style>\n\t<\/div>\n\t\n<\/div><\/div>\n<div class=\"col grid-col large-6 grid-col-1-2\" ><div class=\"col-inner\">\n\t<div class=\"img has-hover x md-x lg-x y md-y lg-y\" id=\"image_1388465530\">\n\t\t\t\t\t\t\t\t<div class=\"img-inner dark\" >\n\t\t\t<img decoding=\"async\" width=\"1020\" height=\"1020\" src=\"https:\/\/modelkars.com\/wp-content\/uploads\/gt225_front-grille-1050x1050.jpg\" class=\"attachment-large size-large\" alt=\"\" srcset=\"https:\/\/modelkars.com\/wp-content\/uploads\/gt225_front-grille-1050x1050.jpg 1050w, https:\/\/modelkars.com\/wp-content\/uploads\/gt225_front-grille-680x680.jpg 680w, https:\/\/modelkars.com\/wp-content\/uploads\/gt225_front-grille-64x64.jpg 64w, https:\/\/modelkars.com\/wp-content\/uploads\/gt225_front-grille-280x280.jpg 280w, https:\/\/modelkars.com\/wp-content\/uploads\/gt225_front-grille-690x690.jpg 690w, https:\/\/modelkars.com\/wp-content\/uploads\/gt225_front-grille-768x768.jpg 768w, https:\/\/modelkars.com\/wp-content\/uploads\/gt225_front-grille.jpg 1200w\" sizes=\"(max-width: 1020px) 100vw, 1020px\" \/>\t\t\t\t\t\t\n\t\t\t\t\t<\/div>\n\t\t\t\t\t\t\t\t\n<style>\n#image_1388465530 {\n  width: 100%;\n}\n<\/style>\n\t<\/div>\n\t\n<\/div><\/div>\n<div class=\"col grid-col large-3 grid-col-1-2\" ><div class=\"col-inner\">\n\t<div class=\"img has-hover x md-x lg-x y md-y lg-y\" id=\"image_572178503\">\n\t\t\t\t\t\t\t\t<div class=\"img-inner dark\" >\n\t\t\t<img decoding=\"async\" width=\"1020\" height=\"1020\" src=\"https:\/\/modelkars.com\/wp-content\/uploads\/gt225_wheel-1050x1050.jpg\" class=\"attachment-large size-large\" alt=\"\" srcset=\"https:\/\/modelkars.com\/wp-content\/uploads\/gt225_wheel-1050x1050.jpg 1050w, https:\/\/modelkars.com\/wp-content\/uploads\/gt225_wheel-680x680.jpg 680w, https:\/\/modelkars.com\/wp-content\/uploads\/gt225_wheel-64x64.jpg 64w, https:\/\/modelkars.com\/wp-content\/uploads\/gt225_wheel-280x280.jpg 280w, https:\/\/modelkars.com\/wp-content\/uploads\/gt225_wheel-690x690.jpg 690w, https:\/\/modelkars.com\/wp-content\/uploads\/gt225_wheel-768x768.jpg 768w, https:\/\/modelkars.com\/wp-content\/uploads\/gt225_wheel.jpg 1200w\" sizes=\"(max-width: 1020px) 100vw, 1020px\" \/>\t\t\t\t\t\t\n\t\t\t\t\t<\/div>\n\t\t\t\t\t\t\t\t\n<style>\n#image_572178503 {\n  width: 100%;\n}\n<\/style>\n\t<\/div>\n\t\n<\/div><\/div>\n<div class=\"col grid-col large-3 grid-col-1-2\" ><div class=\"col-inner\">\n\t<div class=\"img has-hover x md-x lg-x y md-y lg-y\" id=\"image_939447206\">\n\t\t\t\t\t\t\t\t<div class=\"img-inner dark\" >\n\t\t\t<img decoding=\"async\" width=\"1020\" height=\"1020\" src=\"https:\/\/modelkars.com\/wp-content\/uploads\/gt225_interior-1050x1050.jpg\" class=\"attachment-large size-large\" alt=\"\" srcset=\"https:\/\/modelkars.com\/wp-content\/uploads\/gt225_interior-1050x1050.jpg 1050w, https:\/\/modelkars.com\/wp-content\/uploads\/gt225_interior-680x680.jpg 680w, https:\/\/modelkars.com\/wp-content\/uploads\/gt225_interior-64x64.jpg 64w, https:\/\/modelkars.com\/wp-content\/uploads\/gt225_interior-280x280.jpg 280w, https:\/\/modelkars.com\/wp-content\/uploads\/gt225_interior-690x690.jpg 690w, https:\/\/modelkars.com\/wp-content\/uploads\/gt225_interior-768x768.jpg 768w, https:\/\/modelkars.com\/wp-content\/uploads\/gt225_interior.jpg 1200w\" sizes=\"(max-width: 1020px) 100vw, 1020px\" \/>\t\t\t\t\t\t\n\t\t\t\t\t<\/div>\n\t\t\t\t\t\t\t\t\n<style>\n#image_939447206 {\n  width: 100%;\n}\n<\/style>\n\t<\/div>\n\t\n<\/div><\/div>\n<div class=\"col grid-col large-5 grid-col-1-3\" ><div class=\"col-inner\">\n\t<div class=\"img has-hover x md-x lg-x y md-y lg-y\" id=\"image_1202184407\">\n\t\t\t\t\t\t\t\t<div class=\"img-inner dark\" >\n\t\t\t<img decoding=\"async\" width=\"1020\" height=\"1020\" src=\"https:\/\/modelkars.com\/wp-content\/uploads\/gt225_hood-1050x1050.jpg\" class=\"attachment-large size-large\" alt=\"\" srcset=\"https:\/\/modelkars.com\/wp-content\/uploads\/gt225_hood-1050x1050.jpg 1050w, https:\/\/modelkars.com\/wp-content\/uploads\/gt225_hood-680x680.jpg 680w, https:\/\/modelkars.com\/wp-content\/uploads\/gt225_hood-64x64.jpg 64w, https:\/\/modelkars.com\/wp-content\/uploads\/gt225_hood-280x280.jpg 280w, https:\/\/modelkars.com\/wp-content\/uploads\/gt225_hood-690x690.jpg 690w, https:\/\/modelkars.com\/wp-content\/uploads\/gt225_hood-768x768.jpg 768w, https:\/\/modelkars.com\/wp-content\/uploads\/gt225_hood.jpg 1200w\" sizes=\"(max-width: 1020px) 100vw, 1020px\" \/>\t\t\t\t\t\t\n\t\t\t\t\t<\/div>\n\t\t\t\t\t\t\t\t\n<style>\n#image_1202184407 {\n  width: 100%;\n}\n<\/style>\n\t<\/div>\n\t\n<\/div><\/div>\n            <\/div>\n    <style>\n    #banner-grid-681706809 .grid-col-1{height: 600px}\n    #banner-grid-681706809 .grid-col-1-2{height: 300px}\n    #banner-grid-681706809 .grid-col-1-3{height:200px}\n    #banner-grid-681706809 .grid-col-2-3{height: 400px}\n    #banner-grid-681706809 .grid-col-1-4{height: 150px}\n    #banner-grid-681706809 .grid-col-3-4{height: 450px}\n\n\n    \n    \n\n  <\/style>\n    <\/div>\n  \n\t\t<\/div>\n\n\t\t\n<style>\n#section_642232977 {\n  padding-top: 30px;\n  padding-bottom: 30px;\n  background-color: rgb(255,255,255);\n}\n<\/style>\n\t<\/section>\n\t\n<div class=\"row row-collapse row-full-width row-solid\"  id=\"row-1133217111\">\n\n\t<div id=\"col-2044203659\" class=\"col small-12 large-12\"  >\n\t\t\t\t<div class=\"col-inner text-center\" style=\"background-color:rgb(255, 255, 255);\" >\n\t\t\t\n\t\t\t\n<h2 class=\"uppercase\">\u00c9dition limit\u00e9e \u00e0 <span class=\"count-up\" style=\"color: #d83131\">999<\/span> exemplaires.<\/h2>\n<h3 class=\"thin-font\">Plaque num\u00e9rot\u00e9e sous le ch\u00e2ssis.<\/h3>\n\t\t<\/div>\n\t\t\t\t\t<\/div>\n\n\t\n\n<style>\n#row-1133217111 > .col > .col-inner {\n  background-color: rgb(255, 255, 255);\n}\n<\/style>\n<\/div>\n\n  <div class=\"banner has-hover smoke\" id=\"banner-744826288\">\n          <div class=\"banner-inner fill\">\n        <div class=\"banner-bg fill\" >\n            <img decoding=\"async\" width=\"1920\" height=\"1280\" src=\"https:\/\/modelkars.com\/wp-content\/uploads\/01-Chevrolet-Camaro-Henessey-ZL1.jpg\" class=\"bg attachment-original size-original\" alt=\"\" \/>                                    \n                    <\/div>\n\t\t\n        <div class=\"banner-layers container\">\n            <div class=\"fill banner-link\"><\/div>            \n        <\/div>\n      <\/div>\n\n            \n<style>\n#banner-744826288 {\n  padding-top: 30%;\n}\n<\/style>\n  <\/div>\n\n\n","protected":false},"excerpt":{"rendered":"<p>Cette Chevrolet Camaro pr\u00e9par\u00e9e par Hennessey est tout simplement la plus rapide gr\u00e2ce \u00e0 son V8 suraliment\u00e9 d\u00e9veloppant pas moins de 1000 ch ! Fabriqu\u00e9e par GT Spirit, cette miniature en r\u00e9sine \u00e0 l&rsquo;\u00e9chelle 1:18 reproduit fid\u00e8lement le mod\u00e8le original dans sa livr\u00e9e noire avec d\u00e9corations rouges. \u00c9dition limit\u00e9e \u00e0 999 exemplaires.<\/p>\n","protected":false},"featured_media":2755,"template":"","meta":{"_seopress_robots_primary_cat":"","_seopress_titles_title":"","_seopress_titles_desc":"","_seopress_robots_index":""},"product_brand":[],"product_cat":[71],"product_tag":[84,93,92,85],"class_list":{"0":"post-2753","1":"product","2":"type-product","3":"status-publish","4":"has-post-thumbnail","6":"product_cat-gt-spirit","7":"product_tag-echelle-118","8":"product_tag-edition-limitee","9":"product_tag-resine","10":"product_tag-sans-ouvrants","11":"product_shipping_class-delivengo","13":"first","14":"outofstock","15":"taxable","16":"shipping-taxable","17":"purchasable","18":"product-type-simple"},"_links":{"self":[{"href":"https:\/\/modelkars.com\/fr\/wp-json\/wp\/v2\/product\/2753","targetHints":{"allow":["GET"]}}],"collection":[{"href":"https:\/\/modelkars.com\/fr\/wp-json\/wp\/v2\/product"}],"about":[{"href":"https:\/\/modelkars.com\/fr\/wp-json\/wp\/v2\/types\/product"}],"wp:featuredmedia":[{"embeddable":true,"href":"https:\/\/modelkars.com\/fr\/wp-json\/wp\/v2\/media\/2755"}],"wp:attachment":[{"href":"https:\/\/modelkars.com\/fr\/wp-json\/wp\/v2\/media?parent=2753"}],"wp:term":[{"taxonomy":"product_brand","embeddable":true,"href":"https:\/\/modelkars.com\/fr\/wp-json\/wp\/v2\/product_brand?post=2753"},{"taxonomy":"product_cat","embeddable":true,"href":"https:\/\/modelkars.com\/fr\/wp-json\/wp\/v2\/product_cat?post=2753"},{"taxonomy":"product_tag","embeddable":true,"href":"https:\/\/modelkars.com\/fr\/wp-json\/wp\/v2\/product_tag?post=2753"}],"curies":[{"name":"wp","href":"https:\/\/api.w.org\/{rel}","templated":true}]}}