{"id":27327,"date":"2022-04-25T00:00:00","date_gmt":"2022-04-24T22:00:00","guid":{"rendered":"https:\/\/modelkars.com\/?post_type=product&#038;p=27327"},"modified":"2025-12-02T00:00:41","modified_gmt":"2025-12-01T23:00:41","slug":"gt858-ford-bronco-badlands-cyber-orange","status":"publish","type":"product","link":"https:\/\/modelkars.com\/fr\/shop\/gt-spirit\/gt858-ford-bronco-badlands-cyber-orange\/","title":{"rendered":"Ford Bronco Badlands"},"content":{"rendered":"","protected":false},"excerpt":{"rendered":"<p>Ce superbe Ford Bronco Badlands est reproduit dans sa couleur Cyber Orange par GT Spirit. R\u00e9alis\u00e9 en r\u00e9sine, ce mod\u00e8le \u00e0 l&rsquo;\u00e9chelle 1:18 poss\u00e8de une plaque num\u00e9rot\u00e9e sous le ch\u00e2ssis.<\/p>\n","protected":false},"featured_media":30084,"template":"","meta":{"_seopress_robots_primary_cat":"","_seopress_titles_title":"","_seopress_titles_desc":"","_seopress_robots_index":""},"product_brand":[],"product_cat":[71],"product_tag":[448,84,93,92,85],"class_list":{"0":"post-27327","1":"product","2":"type-product","3":"status-publish","4":"has-post-thumbnail","6":"product_cat-gt-spirit","7":"product_tag-avril-2022","8":"product_tag-echelle-118","9":"product_tag-edition-limitee","10":"product_tag-resine","11":"product_tag-sans-ouvrants","13":"first","14":"instock","15":"taxable","16":"shipping-taxable","17":"purchasable","18":"product-type-simple"},"_links":{"self":[{"href":"https:\/\/modelkars.com\/fr\/wp-json\/wp\/v2\/product\/27327","targetHints":{"allow":["GET"]}}],"collection":[{"href":"https:\/\/modelkars.com\/fr\/wp-json\/wp\/v2\/product"}],"about":[{"href":"https:\/\/modelkars.com\/fr\/wp-json\/wp\/v2\/types\/product"}],"wp:featuredmedia":[{"embeddable":true,"href":"https:\/\/modelkars.com\/fr\/wp-json\/wp\/v2\/media\/30084"}],"wp:attachment":[{"href":"https:\/\/modelkars.com\/fr\/wp-json\/wp\/v2\/media?parent=27327"}],"wp:term":[{"taxonomy":"product_brand","embeddable":true,"href":"https:\/\/modelkars.com\/fr\/wp-json\/wp\/v2\/product_brand?post=27327"},{"taxonomy":"product_cat","embeddable":true,"href":"https:\/\/modelkars.com\/fr\/wp-json\/wp\/v2\/product_cat?post=27327"},{"taxonomy":"product_tag","embeddable":true,"href":"https:\/\/modelkars.com\/fr\/wp-json\/wp\/v2\/product_tag?post=27327"}],"curies":[{"name":"wp","href":"https:\/\/api.w.org\/{rel}","templated":true}]}}