{"id":27313,"date":"2021-11-09T19:37:48","date_gmt":"2021-11-09T18:37:48","guid":{"rendered":"https:\/\/modelkars.com\/?post_type=product&#038;p=27313"},"modified":"2025-12-02T01:51:20","modified_gmt":"2025-12-02T00:51:20","slug":"83404-novitec-mclaren-720s-n-largo-jaune","status":"publish","type":"product","link":"https:\/\/modelkars.com\/fr\/shop\/peako\/83404-novitec-mclaren-720s-n-largo-jaune\/","title":{"rendered":"Novitec McLaren 720S N-Largo"},"content":{"rendered":"","protected":false},"excerpt":{"rendered":"<p>Ce mod\u00e8le r\u00e9duit haut de gamme reproduit \u00e0 la perfection la McLaren 720S \u00e9quip\u00e9e du kit carrosserie N-Largo de Novitec. R\u00e9alis\u00e9e par Peako \u00e0 l&rsquo;\u00e9chelle 1:18\u00e8me dans sa couleur jaune \u00ab\u00a0W\u00fcstensand\u00a0\u00bb (Mercedes), cette miniature de collection est livr\u00e9e sur un socle de haute qualit\u00e9.<\/p>\n","protected":false},"featured_media":78008,"template":"","meta":{"_seopress_robots_primary_cat":"none","_seopress_titles_title":"","_seopress_titles_desc":"","_seopress_robots_index":""},"product_brand":[],"product_cat":[417],"product_tag":[84,93,92],"class_list":{"0":"post-27313","1":"product","2":"type-product","3":"status-publish","4":"has-post-thumbnail","6":"product_cat-peako","7":"product_tag-echelle-118","8":"product_tag-edition-limitee","9":"product_tag-resine","10":"product_shipping_class-delivengo","12":"first","13":"instock","14":"taxable","15":"shipping-taxable","16":"purchasable","17":"product-type-simple"},"_links":{"self":[{"href":"https:\/\/modelkars.com\/fr\/wp-json\/wp\/v2\/product\/27313","targetHints":{"allow":["GET"]}}],"collection":[{"href":"https:\/\/modelkars.com\/fr\/wp-json\/wp\/v2\/product"}],"about":[{"href":"https:\/\/modelkars.com\/fr\/wp-json\/wp\/v2\/types\/product"}],"wp:featuredmedia":[{"embeddable":true,"href":"https:\/\/modelkars.com\/fr\/wp-json\/wp\/v2\/media\/78008"}],"wp:attachment":[{"href":"https:\/\/modelkars.com\/fr\/wp-json\/wp\/v2\/media?parent=27313"}],"wp:term":[{"taxonomy":"product_brand","embeddable":true,"href":"https:\/\/modelkars.com\/fr\/wp-json\/wp\/v2\/product_brand?post=27313"},{"taxonomy":"product_cat","embeddable":true,"href":"https:\/\/modelkars.com\/fr\/wp-json\/wp\/v2\/product_cat?post=27313"},{"taxonomy":"product_tag","embeddable":true,"href":"https:\/\/modelkars.com\/fr\/wp-json\/wp\/v2\/product_tag?post=27313"}],"curies":[{"name":"wp","href":"https:\/\/api.w.org\/{rel}","templated":true}]}}