{"id":27275,"date":"2021-11-09T19:01:06","date_gmt":"2021-11-09T18:01:06","guid":{"rendered":"https:\/\/modelkars.com\/?post_type=product&#038;p=27275"},"modified":"2025-12-01T01:54:39","modified_gmt":"2025-12-01T00:54:39","slug":"83402-novitec-mclaren-720s-n-largo-grise","status":"publish","type":"product","link":"https:\/\/modelkars.com\/fr\/shop\/peako\/83402-novitec-mclaren-720s-n-largo-grise\/","title":{"rendered":"Novitec McLaren 720S N-Largo"},"content":{"rendered":"\n\t<section class=\"section\" id=\"section_133936752\">\n\t\t<div class=\"section-bg fill\" >\n\t\t\t\t\t\t\t\t\t\n\t\t\t\n\n\t\t<\/div>\n\n\t\t\n\n\t\t<div class=\"section-content relative\">\n\t\t\t\n<div class=\"row row-small\"  id=\"row-1300970189\">\n\n\t<div id=\"col-373529609\" class=\"col small-12 large-12\"  >\n\t\t\t\t<div class=\"col-inner\"  >\n\t\t\t\n\t\t\t\n\n  <div class=\"banner has-hover\" id=\"banner-2080081472\">\n          <div class=\"banner-inner fill\">\n        <div class=\"banner-bg fill\" >\n            <img decoding=\"async\" width=\"1020\" height=\"680\" src=\"https:\/\/modelkars.com\/wp-content\/uploads\/83402-main2-11-4617.jpg\" class=\"bg attachment-large size-large\" alt=\"83402 main2 11 4617\" \/>                                    \n                    <\/div>\n\t\t\n        <div class=\"banner-layers container\">\n            <div class=\"fill banner-link\"><\/div>            \n   <div id=\"text-box-784809877\" class=\"text-box banner-layer x50 md-x50 lg-x50 y15 md-y15 lg-y15 res-text\">\n                                <div class=\"text-box-content text dark\">\n              \n              <div class=\"text-inner text-center\">\n                  \n<h3 class=\"uppercase\"><strong>Edition limit\u00e9e \u00e0 <span class=\"count-up\"><span style=\"color: #00aae7;\">20<\/span><\/span> pi\u00e8ces.<\/strong><\/h3>\n              <\/div>\n           <\/div>\n                            \n<style>\n#text-box-784809877 {\n  width: 100%;\n}\n#text-box-784809877 .text-box-content {\n  font-size: 80%;\n}\n@media (min-width:550px) {\n  #text-box-784809877 .text-box-content {\n    font-size: 100%;\n  }\n}\n<\/style>\n    <\/div>\n \n        <\/div>\n      <\/div>\n\n            \n<style>\n#banner-2080081472 {\n  padding-top: 60%;\n  background-color: rgb(255,255,255);\n}\n#banner-2080081472 .banner-bg img {\n  object-position: 50% 20%;\n}\n@media (min-width:550px) {\n  #banner-2080081472 {\n    padding-top: 50%;\n  }\n}\n<\/style>\n  <\/div>\n\n\n\t\t<\/div>\n\t\t\t\t\t<\/div>\n\n\t\n<\/div>\n  <div class=\"banner-grid-wrapper\">\n  <div id=\"banner-grid-673947407\" class=\"banner-grid row row-grid row-small\" data-packery-options=\"\">\n                      \n<div class=\"col grid-col small-12 large-6 grid-col-2-3\" ><div class=\"col-inner\">\n\t<div class=\"img has-hover x md-x lg-x y md-y lg-y\" id=\"image_69441107\">\n\t\t\t\t\t\t\t\t<div class=\"img-inner dark\" >\n\t\t\t<img decoding=\"async\" width=\"1020\" height=\"680\" src=\"https:\/\/modelkars.com\/wp-content\/uploads\/83402-rear-7-4869.jpg\" class=\"attachment-large size-large\" alt=\"83402 rear 7 4869\" srcset=\"https:\/\/modelkars.com\/wp-content\/uploads\/83402-rear-7-4869.jpg 1200w, https:\/\/modelkars.com\/wp-content\/uploads\/83402-rear-7-4869-680x453.jpg 680w, https:\/\/modelkars.com\/wp-content\/uploads\/83402-rear-7-4869-64x43.jpg 64w\" sizes=\"(max-width: 1020px) 100vw, 1020px\" \/>\t\t\t\t\t\t\n\t\t\t\t\t<\/div>\n\t\t\t\t\t\t\t\t\n<style>\n#image_69441107 {\n  width: 100%;\n}\n<\/style>\n\t<\/div>\n\t\n<\/div><\/div>\n<div class=\"col grid-col large-6 grid-col-1-2\" ><div class=\"col-inner\">\n\t<div class=\"img has-hover x md-x lg-x y md-y lg-y\" id=\"image_1435052023\">\n\t\t\t\t\t\t\t\t<div class=\"img-inner dark\" >\n\t\t\t<img decoding=\"async\" width=\"1020\" height=\"680\" src=\"https:\/\/modelkars.com\/wp-content\/uploads\/83402-main3zoom-9-2701.jpg\" class=\"attachment-large size-large\" alt=\"83402 main3zoom 9 2701\" srcset=\"https:\/\/modelkars.com\/wp-content\/uploads\/83402-main3zoom-9-2701.jpg 1200w, https:\/\/modelkars.com\/wp-content\/uploads\/83402-main3zoom-9-2701-680x453.jpg 680w, https:\/\/modelkars.com\/wp-content\/uploads\/83402-main3zoom-9-2701-64x43.jpg 64w\" sizes=\"(max-width: 1020px) 100vw, 1020px\" \/>\t\t\t\t\t\t\n\t\t\t\t\t<\/div>\n\t\t\t\t\t\t\t\t\n<style>\n#image_1435052023 {\n  width: 100%;\n}\n<\/style>\n\t<\/div>\n\t\n<\/div><\/div>\n<div class=\"col grid-col small-6 large-3 grid-col-1-2\" ><div class=\"col-inner\">\n\t<div class=\"img has-hover x md-x lg-x y md-y lg-y\" id=\"image_489521364\">\n\t\t\t\t\t\t\t\t<div class=\"img-inner dark\" >\n\t\t\t<img decoding=\"async\" width=\"1020\" height=\"680\" src=\"https:\/\/modelkars.com\/wp-content\/uploads\/83402-wheel-1-5096.jpg\" class=\"attachment-large size-large\" alt=\"83402 wheel 1 5096\" srcset=\"https:\/\/modelkars.com\/wp-content\/uploads\/83402-wheel-1-5096.jpg 1200w, https:\/\/modelkars.com\/wp-content\/uploads\/83402-wheel-1-5096-680x453.jpg 680w, https:\/\/modelkars.com\/wp-content\/uploads\/83402-wheel-1-5096-64x43.jpg 64w\" sizes=\"(max-width: 1020px) 100vw, 1020px\" \/>\t\t\t\t\t\t\n\t\t\t\t\t<\/div>\n\t\t\t\t\t\t\t\t\n<style>\n#image_489521364 {\n  width: 100%;\n}\n<\/style>\n\t<\/div>\n\t\n<\/div><\/div>\n<div class=\"col grid-col small-12 large-3 grid-col-1-2\" ><div class=\"col-inner\">\n\t<div class=\"img has-hover x md-x lg-x y md-y lg-y\" id=\"image_445434952\">\n\t\t\t\t\t\t\t\t<div class=\"img-inner dark\" >\n\t\t\t<img decoding=\"async\" width=\"1020\" height=\"680\" src=\"https:\/\/modelkars.com\/wp-content\/uploads\/83402-number-8-3038.jpg\" class=\"attachment-large size-large\" alt=\"83402 number 8 3038\" srcset=\"https:\/\/modelkars.com\/wp-content\/uploads\/83402-number-8-3038.jpg 1200w, https:\/\/modelkars.com\/wp-content\/uploads\/83402-number-8-3038-680x453.jpg 680w, https:\/\/modelkars.com\/wp-content\/uploads\/83402-number-8-3038-64x43.jpg 64w\" sizes=\"(max-width: 1020px) 100vw, 1020px\" \/>\t\t\t\t\t\t\n\t\t\t\t\t<\/div>\n\t\t\t\t\t\t\t\t\n<style>\n#image_445434952 {\n  width: 100%;\n}\n<\/style>\n\t<\/div>\n\t\n<\/div><\/div>\n<div class=\"col grid-col small-12 large-6 grid-col-1-3\" ><div class=\"col-inner\">\n\t<div class=\"img has-hover x md-x lg-x y md-y lg-y\" id=\"image_1949709866\">\n\t\t\t\t\t\t\t\t<div class=\"img-inner dark\" >\n\t\t\t<img decoding=\"async\" width=\"1020\" height=\"510\" src=\"https:\/\/modelkars.com\/wp-content\/uploads\/83402-sideab-3-4431.jpg\" class=\"attachment-large size-large\" alt=\"83402 sideab 3 4431\" srcset=\"https:\/\/modelkars.com\/wp-content\/uploads\/83402-sideab-3-4431.jpg 1200w, https:\/\/modelkars.com\/wp-content\/uploads\/83402-sideab-3-4431-680x340.jpg 680w, https:\/\/modelkars.com\/wp-content\/uploads\/83402-sideab-3-4431-64x32.jpg 64w\" sizes=\"(max-width: 1020px) 100vw, 1020px\" \/>\t\t\t\t\t\t\n\t\t\t\t\t<\/div>\n\t\t\t\t\t\t\t\t\n<style>\n#image_1949709866 {\n  width: 100%;\n}\n<\/style>\n\t<\/div>\n\t\n<\/div><\/div>\n            <\/div>\n    <style>\n    #banner-grid-673947407 .grid-col-1{height: 650px}\n    #banner-grid-673947407 .grid-col-1-2{height: 325px}\n    #banner-grid-673947407 .grid-col-1-3{height:216.66666666667px}\n    #banner-grid-673947407 .grid-col-2-3{height: 433.33333333333px}\n    #banner-grid-673947407 .grid-col-1-4{height: 162.5px}\n    #banner-grid-673947407 .grid-col-3-4{height: 487.5px}\n\n\n        \/* Tablet *\/\n    @media (max-width: 850px){\n      #banner-grid-673947407 .grid-col-1{height: 550px}\n      #banner-grid-673947407 .grid-col-1-2{height: 275px}\n      #banner-grid-673947407 .grid-col-1-3{height:183.33333333333px}\n      #banner-grid-673947407 .grid-col-2-3{height: 366.66666666667px}\n      #banner-grid-673947407 .grid-col-1-4{height: 137.5px}\n      #banner-grid-673947407 .grid-col-3-4{height: 412.5px}\n    }\n    \n        \/* Mobile *\/\n    @media (max-width: 550px){\n      #banner-grid-673947407 .grid-col-1{height: 450px}\n      #banner-grid-673947407 .grid-col-1-2{height: 225px}\n      #banner-grid-673947407 .grid-col-1-3{height:150px}\n      #banner-grid-673947407 .grid-col-2-3{height: 300px}\n      #banner-grid-673947407 .grid-col-1-4{height: 112.5px}\n      #banner-grid-673947407 .grid-col-3-4{height: 337.5px}\n    }\n    \n\n  <\/style>\n    <\/div>\n  \n\t\t<\/div>\n\n\t\t\n<style>\n#section_133936752 {\n  padding-top: 30px;\n  padding-bottom: 30px;\n  background-color: rgb(255,255,255);\n}\n<\/style>\n\t<\/section>\n\t\n","protected":false},"excerpt":{"rendered":"<p>Ce mod\u00e8le r\u00e9duit haut de gamme reproduit \u00e0 la perfection la McLaren 720S \u00e9quip\u00e9e du kit carrosserie N-Largo de Novitec. R\u00e9alis\u00e9e par Peako \u00e0 l&rsquo;\u00e9chelle 1:18\u00e8me dans sa livr\u00e9e grise argent\u00e9e et accents bleus, cette miniature de collection est livr\u00e9e sur un socle de haute qualit\u00e9.<\/p>\n","protected":false},"featured_media":27279,"template":"","meta":{"_seopress_robots_primary_cat":"none","_seopress_titles_title":"","_seopress_titles_desc":"","_seopress_robots_index":""},"product_brand":[],"product_cat":[417],"product_tag":[84,93,92],"class_list":{"0":"post-27275","1":"product","2":"type-product","3":"status-publish","4":"has-post-thumbnail","6":"product_cat-peako","7":"product_tag-echelle-118","8":"product_tag-edition-limitee","9":"product_tag-resine","10":"product_shipping_class-delivengo","12":"first","13":"outofstock","14":"taxable","15":"shipping-taxable","16":"purchasable","17":"product-type-simple"},"_links":{"self":[{"href":"https:\/\/modelkars.com\/fr\/wp-json\/wp\/v2\/product\/27275","targetHints":{"allow":["GET"]}}],"collection":[{"href":"https:\/\/modelkars.com\/fr\/wp-json\/wp\/v2\/product"}],"about":[{"href":"https:\/\/modelkars.com\/fr\/wp-json\/wp\/v2\/types\/product"}],"wp:featuredmedia":[{"embeddable":true,"href":"https:\/\/modelkars.com\/fr\/wp-json\/wp\/v2\/media\/27279"}],"wp:attachment":[{"href":"https:\/\/modelkars.com\/fr\/wp-json\/wp\/v2\/media?parent=27275"}],"wp:term":[{"taxonomy":"product_brand","embeddable":true,"href":"https:\/\/modelkars.com\/fr\/wp-json\/wp\/v2\/product_brand?post=27275"},{"taxonomy":"product_cat","embeddable":true,"href":"https:\/\/modelkars.com\/fr\/wp-json\/wp\/v2\/product_cat?post=27275"},{"taxonomy":"product_tag","embeddable":true,"href":"https:\/\/modelkars.com\/fr\/wp-json\/wp\/v2\/product_tag?post=27275"}],"curies":[{"name":"wp","href":"https:\/\/api.w.org\/{rel}","templated":true}]}}