{"id":27273,"date":"2021-12-09T00:00:00","date_gmt":"2021-12-08T23:00:00","guid":{"rendered":"https:\/\/modelkars.com\/?post_type=product&#038;p=27273"},"modified":"2025-12-01T01:54:35","modified_gmt":"2025-12-01T00:54:35","slug":"81941-mclaren-720s-gt3-noire","status":"publish","type":"product","link":"https:\/\/modelkars.com\/fr\/shop\/autoart\/81941-mclaren-720s-gt3-noire\/","title":{"rendered":"McLaren 720S GT3"},"content":{"rendered":"","protected":false},"excerpt":{"rendered":"<p>Ce mod\u00e8le r\u00e9duit au 1:18 fabriqu\u00e9 par AUTOart reproduit avec fid\u00e9lit\u00e9 les courbes de la McLaren 720S GT3 dans sa couleur noire. Ce mod\u00e8le ne poss\u00e8de pas d&rsquo;ouvrants.<\/p>\n","protected":false},"featured_media":27267,"template":"","meta":{"_seopress_robots_primary_cat":"","_seopress_titles_title":"","_seopress_titles_desc":"","_seopress_robots_index":""},"product_brand":[],"product_cat":[118],"product_tag":[119,84,85],"class_list":{"0":"post-27273","1":"product","2":"type-product","3":"status-publish","4":"has-post-thumbnail","6":"product_cat-autoart","7":"product_tag-composite","8":"product_tag-echelle-118","9":"product_tag-sans-ouvrants","10":"product_shipping_class-delivengo","12":"first","13":"outofstock","14":"taxable","15":"shipping-taxable","16":"purchasable","17":"product-type-simple"},"_links":{"self":[{"href":"https:\/\/modelkars.com\/fr\/wp-json\/wp\/v2\/product\/27273","targetHints":{"allow":["GET"]}}],"collection":[{"href":"https:\/\/modelkars.com\/fr\/wp-json\/wp\/v2\/product"}],"about":[{"href":"https:\/\/modelkars.com\/fr\/wp-json\/wp\/v2\/types\/product"}],"wp:featuredmedia":[{"embeddable":true,"href":"https:\/\/modelkars.com\/fr\/wp-json\/wp\/v2\/media\/27267"}],"wp:attachment":[{"href":"https:\/\/modelkars.com\/fr\/wp-json\/wp\/v2\/media?parent=27273"}],"wp:term":[{"taxonomy":"product_brand","embeddable":true,"href":"https:\/\/modelkars.com\/fr\/wp-json\/wp\/v2\/product_brand?post=27273"},{"taxonomy":"product_cat","embeddable":true,"href":"https:\/\/modelkars.com\/fr\/wp-json\/wp\/v2\/product_cat?post=27273"},{"taxonomy":"product_tag","embeddable":true,"href":"https:\/\/modelkars.com\/fr\/wp-json\/wp\/v2\/product_tag?post=27273"}],"curies":[{"name":"wp","href":"https:\/\/api.w.org\/{rel}","templated":true}]}}