{"id":26564,"date":"2021-12-30T14:15:26","date_gmt":"2021-12-30T13:15:26","guid":{"rendered":"https:\/\/modelkars.com\/?post_type=product&#038;p=26564"},"modified":"2025-12-01T01:54:33","modified_gmt":"2025-12-01T00:54:33","slug":"cldc023-bmw-m4-competition-g82-noire","status":"publish","type":"product","link":"https:\/\/modelkars.com\/fr\/shop\/gt-spirit\/cldc023-bmw-m4-competition-g82-noire\/","title":{"rendered":"BMW M4 Competition (G82)"},"content":{"rendered":"","protected":false},"excerpt":{"rendered":"<p>Cette BMW M4 Competition (G82) de couleur noire est fabriqu\u00e9e par GT Spirit \u00e0 l\u2019\u00e9chelle 1:18. Ce mod\u00e8le import\u00e9 de la collection Asia est limit\u00e9 \u00e0 504 pi\u00e8ces num\u00e9rot\u00e9es.<\/p>\n","protected":false},"featured_media":26566,"template":"","meta":{"_seopress_robots_primary_cat":"none","_seopress_titles_title":"","_seopress_titles_desc":"","_seopress_robots_index":""},"product_brand":[],"product_cat":[71],"product_tag":[84,93,92,85],"class_list":{"0":"post-26564","1":"product","2":"type-product","3":"status-publish","4":"has-post-thumbnail","6":"product_cat-gt-spirit","7":"product_tag-echelle-118","8":"product_tag-edition-limitee","9":"product_tag-resine","10":"product_tag-sans-ouvrants","12":"first","13":"outofstock","14":"taxable","15":"shipping-taxable","16":"purchasable","17":"product-type-simple"},"_links":{"self":[{"href":"https:\/\/modelkars.com\/fr\/wp-json\/wp\/v2\/product\/26564","targetHints":{"allow":["GET"]}}],"collection":[{"href":"https:\/\/modelkars.com\/fr\/wp-json\/wp\/v2\/product"}],"about":[{"href":"https:\/\/modelkars.com\/fr\/wp-json\/wp\/v2\/types\/product"}],"wp:featuredmedia":[{"embeddable":true,"href":"https:\/\/modelkars.com\/fr\/wp-json\/wp\/v2\/media\/26566"}],"wp:attachment":[{"href":"https:\/\/modelkars.com\/fr\/wp-json\/wp\/v2\/media?parent=26564"}],"wp:term":[{"taxonomy":"product_brand","embeddable":true,"href":"https:\/\/modelkars.com\/fr\/wp-json\/wp\/v2\/product_brand?post=26564"},{"taxonomy":"product_cat","embeddable":true,"href":"https:\/\/modelkars.com\/fr\/wp-json\/wp\/v2\/product_cat?post=26564"},{"taxonomy":"product_tag","embeddable":true,"href":"https:\/\/modelkars.com\/fr\/wp-json\/wp\/v2\/product_tag?post=26564"}],"curies":[{"name":"wp","href":"https:\/\/api.w.org\/{rel}","templated":true}]}}