{"id":26552,"date":"2021-12-21T00:00:00","date_gmt":"2021-12-20T23:00:00","guid":{"rendered":"https:\/\/modelkars.com\/?post_type=product&#038;p=26552"},"modified":"2025-12-01T01:54:33","modified_gmt":"2025-12-01T00:54:33","slug":"18006lb-mclaren-600lt-metallic-blue","status":"publish","type":"product","link":"https:\/\/modelkars.com\/fr\/shop\/lcd\/18006lb-mclaren-600lt-metallic-blue\/","title":{"rendered":"McLaren 600LT"},"content":{"rendered":"","protected":false},"excerpt":{"rendered":"<p>Cette superbe McLaren 600LT est reproduite \u00e0 la perfection \u00e0 l\u2019\u00e9chelle 1:18\u00e8me dans une version bleue m\u00e9tallis\u00e9e. Cette miniature haut de gamme du fabricant LCD poss\u00e8de de nombreux ouvrants : portes, coffre, capot moteur\u2026 et m\u00eame la trappe \u00e0 essence !<\/p>\n","protected":false},"featured_media":26554,"template":"","meta":{"_seopress_robots_primary_cat":"none","_seopress_titles_title":"","_seopress_titles_desc":"","_seopress_robots_index":""},"product_brand":[],"product_cat":[389],"product_tag":[117,84,89],"class_list":{"0":"post-26552","1":"product","2":"type-product","3":"status-publish","4":"has-post-thumbnail","6":"product_cat-lcd","7":"product_tag-avec-ouvrants","8":"product_tag-echelle-118","9":"product_tag-metal","11":"first","12":"outofstock","13":"taxable","14":"shipping-taxable","15":"purchasable","16":"product-type-simple"},"_links":{"self":[{"href":"https:\/\/modelkars.com\/fr\/wp-json\/wp\/v2\/product\/26552","targetHints":{"allow":["GET"]}}],"collection":[{"href":"https:\/\/modelkars.com\/fr\/wp-json\/wp\/v2\/product"}],"about":[{"href":"https:\/\/modelkars.com\/fr\/wp-json\/wp\/v2\/types\/product"}],"wp:featuredmedia":[{"embeddable":true,"href":"https:\/\/modelkars.com\/fr\/wp-json\/wp\/v2\/media\/26554"}],"wp:attachment":[{"href":"https:\/\/modelkars.com\/fr\/wp-json\/wp\/v2\/media?parent=26552"}],"wp:term":[{"taxonomy":"product_brand","embeddable":true,"href":"https:\/\/modelkars.com\/fr\/wp-json\/wp\/v2\/product_brand?post=26552"},{"taxonomy":"product_cat","embeddable":true,"href":"https:\/\/modelkars.com\/fr\/wp-json\/wp\/v2\/product_cat?post=26552"},{"taxonomy":"product_tag","embeddable":true,"href":"https:\/\/modelkars.com\/fr\/wp-json\/wp\/v2\/product_tag?post=26552"}],"curies":[{"name":"wp","href":"https:\/\/api.w.org\/{rel}","templated":true}]}}