{"id":26534,"date":"2021-10-06T18:06:48","date_gmt":"2021-10-06T16:06:48","guid":{"rendered":"https:\/\/modelkars.com\/?post_type=product&#038;p=26534"},"modified":"2025-12-01T01:54:41","modified_gmt":"2025-12-01T00:54:41","slug":"p18193a-ferrari-portofino-m-spider-grigio-titanio-metal","status":"publish","type":"product","link":"https:\/\/modelkars.com\/fr\/shop\/bbr\/p18193a-ferrari-portofino-m-spider-grigio-titanio-metal\/","title":{"rendered":"Ferrari Portofino M"},"content":{"rendered":"","protected":false},"excerpt":{"rendered":"<p>Cette voiture miniature \u00e0 l\u2019\u00e9chelle 1:18 reproduit avec une pr\u00e9cision exceptionnelle la Ferrari Portofino M (en version toit r\u00e9tract\u00e9) dans une livr\u00e9e grise Titanio m\u00e9tallis\u00e9e. Mod\u00e8le limit\u00e9 \u00e0 99 pi\u00e8ces num\u00e9rot\u00e9es et livr\u00e9 sur un socle haut de gamme (sans vitrine).<\/p>\n","protected":false},"featured_media":26494,"template":"","meta":{"_seopress_robots_primary_cat":"","_seopress_titles_title":"","_seopress_titles_desc":"","_seopress_robots_index":""},"product_brand":[],"product_cat":[315],"product_tag":[84,93,92,85],"class_list":{"0":"post-26534","1":"product","2":"type-product","3":"status-publish","4":"has-post-thumbnail","6":"product_cat-bbr","7":"product_tag-echelle-118","8":"product_tag-edition-limitee","9":"product_tag-resine","10":"product_tag-sans-ouvrants","11":"product_shipping_class-delivengo","13":"first","14":"outofstock","15":"taxable","16":"shipping-taxable","17":"purchasable","18":"product-type-simple"},"_links":{"self":[{"href":"https:\/\/modelkars.com\/fr\/wp-json\/wp\/v2\/product\/26534","targetHints":{"allow":["GET"]}}],"collection":[{"href":"https:\/\/modelkars.com\/fr\/wp-json\/wp\/v2\/product"}],"about":[{"href":"https:\/\/modelkars.com\/fr\/wp-json\/wp\/v2\/types\/product"}],"wp:featuredmedia":[{"embeddable":true,"href":"https:\/\/modelkars.com\/fr\/wp-json\/wp\/v2\/media\/26494"}],"wp:attachment":[{"href":"https:\/\/modelkars.com\/fr\/wp-json\/wp\/v2\/media?parent=26534"}],"wp:term":[{"taxonomy":"product_brand","embeddable":true,"href":"https:\/\/modelkars.com\/fr\/wp-json\/wp\/v2\/product_brand?post=26534"},{"taxonomy":"product_cat","embeddable":true,"href":"https:\/\/modelkars.com\/fr\/wp-json\/wp\/v2\/product_cat?post=26534"},{"taxonomy":"product_tag","embeddable":true,"href":"https:\/\/modelkars.com\/fr\/wp-json\/wp\/v2\/product_tag?post=26534"}],"curies":[{"name":"wp","href":"https:\/\/api.w.org\/{rel}","templated":true}]}}