{"id":26526,"date":"2021-10-20T17:44:47","date_gmt":"2021-10-20T15:44:47","guid":{"rendered":"https:\/\/modelkars.com\/?post_type=product&#038;p=26526"},"modified":"2025-12-01T01:54:39","modified_gmt":"2025-12-01T00:54:39","slug":"p18194d-ferrari-sf90-spider-rosso-fiorano","status":"publish","type":"product","link":"https:\/\/modelkars.com\/fr\/shop\/bbr\/p18194d-ferrari-sf90-spider-rosso-fiorano\/","title":{"rendered":"Ferrari SF90 Spider"},"content":{"rendered":"\n\t<section class=\"section\" id=\"section_549302271\">\n\t\t<div class=\"section-bg fill\" >\n\t\t\t\t\t\t\t\t\t\n\t\t\t\n\n\t\t<\/div>\n\n\t\t\n\n\t\t<div class=\"section-content relative\">\n\t\t\t\n  <div class=\"banner-grid-wrapper\">\n  <div id=\"banner-grid-541046398\" class=\"banner-grid row row-grid row-small\" data-packery-options=\"\">\n                      \n<div class=\"col grid-col small-12 large-6 grid-col-2-3\" ><div class=\"col-inner\">\n\t<div class=\"img has-hover x md-x lg-x y md-y lg-y\" id=\"image_934263206\">\n\t\t\t\t\t\t\t\t<div class=\"img-inner dark\" >\n\t\t\t<img decoding=\"async\" width=\"1020\" height=\"680\" src=\"https:\/\/modelkars.com\/wp-content\/uploads\/sf90-spider-10-4667.jpg\" class=\"attachment-large size-large\" alt=\"sf90 spider 10 4667\" srcset=\"https:\/\/modelkars.com\/wp-content\/uploads\/sf90-spider-10-4667.jpg 1200w, https:\/\/modelkars.com\/wp-content\/uploads\/sf90-spider-10-4667-680x453.jpg 680w, https:\/\/modelkars.com\/wp-content\/uploads\/sf90-spider-10-4667-64x43.jpg 64w\" sizes=\"(max-width: 1020px) 100vw, 1020px\" \/>\t\t\t\t\t\t\n\t\t\t\t\t<\/div>\n\t\t\t\t\t\t\t\t\n<style>\n#image_934263206 {\n  width: 100%;\n}\n<\/style>\n\t<\/div>\n\t\n<\/div><\/div>\n<div class=\"col grid-col large-6 grid-col-1-2\" ><div class=\"col-inner\">\n\t<div class=\"img has-hover x md-x lg-x y md-y lg-y\" id=\"image_1147255860\">\n\t\t\t\t\t\t\t\t<div class=\"img-inner dark\" >\n\t\t\t<img decoding=\"async\" width=\"1020\" height=\"680\" src=\"https:\/\/modelkars.com\/wp-content\/uploads\/sf90-spider-11-2935.jpg\" class=\"attachment-large size-large\" alt=\"sf90 spider 11 2935\" srcset=\"https:\/\/modelkars.com\/wp-content\/uploads\/sf90-spider-11-2935.jpg 1200w, https:\/\/modelkars.com\/wp-content\/uploads\/sf90-spider-11-2935-680x453.jpg 680w, https:\/\/modelkars.com\/wp-content\/uploads\/sf90-spider-11-2935-64x43.jpg 64w\" sizes=\"(max-width: 1020px) 100vw, 1020px\" \/>\t\t\t\t\t\t\n\t\t\t\t\t<\/div>\n\t\t\t\t\t\t\t\t\n<style>\n#image_1147255860 {\n  width: 100%;\n}\n<\/style>\n\t<\/div>\n\t\n<\/div><\/div>\n<div class=\"col grid-col large-6 grid-col-1-2\" ><div class=\"col-inner\">\n\t<div class=\"img has-hover x md-x lg-x y md-y lg-y\" id=\"image_1929835918\">\n\t\t\t\t\t\t\t\t<div class=\"img-inner dark\" >\n\t\t\t<img decoding=\"async\" width=\"1020\" height=\"680\" src=\"https:\/\/modelkars.com\/wp-content\/uploads\/sf90-spider-2-3673.jpg\" class=\"attachment-large size-large\" alt=\"sf90 spider 2 3673\" srcset=\"https:\/\/modelkars.com\/wp-content\/uploads\/sf90-spider-2-3673.jpg 1200w, https:\/\/modelkars.com\/wp-content\/uploads\/sf90-spider-2-3673-680x453.jpg 680w, https:\/\/modelkars.com\/wp-content\/uploads\/sf90-spider-2-3673-64x43.jpg 64w\" sizes=\"(max-width: 1020px) 100vw, 1020px\" \/>\t\t\t\t\t\t\n\t\t\t\t\t<\/div>\n\t\t\t\t\t\t\t\t\n<style>\n#image_1929835918 {\n  width: 100%;\n}\n<\/style>\n\t<\/div>\n\t\n<\/div><\/div>\n<div class=\"col grid-col small-12 large-6 grid-col-1-3\" ><div class=\"col-inner\">\n\t<div class=\"img has-hover x md-x lg-x y md-y lg-y\" id=\"image_1051492818\">\n\t\t\t\t\t\t\t\t<div class=\"img-inner dark\" >\n\t\t\t<img decoding=\"async\" width=\"1020\" height=\"680\" src=\"https:\/\/modelkars.com\/wp-content\/uploads\/sf90-spider-5-5472.jpg\" class=\"attachment-large size-large\" alt=\"sf90 spider 5 5472\" srcset=\"https:\/\/modelkars.com\/wp-content\/uploads\/sf90-spider-5-5472.jpg 1200w, https:\/\/modelkars.com\/wp-content\/uploads\/sf90-spider-5-5472-680x453.jpg 680w, https:\/\/modelkars.com\/wp-content\/uploads\/sf90-spider-5-5472-64x43.jpg 64w\" sizes=\"(max-width: 1020px) 100vw, 1020px\" \/>\t\t\t\t\t\t\n\t\t\t\t\t<\/div>\n\t\t\t\t\t\t\t\t\n<style>\n#image_1051492818 {\n  width: 100%;\n}\n<\/style>\n\t<\/div>\n\t\n<\/div><\/div>\n            <\/div>\n    <style>\n    #banner-grid-541046398 .grid-col-1{height: 650px}\n    #banner-grid-541046398 .grid-col-1-2{height: 325px}\n    #banner-grid-541046398 .grid-col-1-3{height:216.66666666667px}\n    #banner-grid-541046398 .grid-col-2-3{height: 433.33333333333px}\n    #banner-grid-541046398 .grid-col-1-4{height: 162.5px}\n    #banner-grid-541046398 .grid-col-3-4{height: 487.5px}\n\n\n        \/* Tablet *\/\n    @media (max-width: 850px){\n      #banner-grid-541046398 .grid-col-1{height: 550px}\n      #banner-grid-541046398 .grid-col-1-2{height: 275px}\n      #banner-grid-541046398 .grid-col-1-3{height:183.33333333333px}\n      #banner-grid-541046398 .grid-col-2-3{height: 366.66666666667px}\n      #banner-grid-541046398 .grid-col-1-4{height: 137.5px}\n      #banner-grid-541046398 .grid-col-3-4{height: 412.5px}\n    }\n    \n    \n\n  <\/style>\n    <\/div>\n  \n\t\t<\/div>\n\n\t\t\n<style>\n#section_549302271 {\n  padding-top: 10px;\n  padding-bottom: 10px;\n}\n@media (min-width:850px) {\n  #section_549302271 {\n    padding-top: 30px;\n    padding-bottom: 30px;\n  }\n}\n<\/style>\n\t<\/section>\n\t\n","protected":false},"excerpt":{"rendered":"<p>Cette voiture miniature \u00e0 l\u2019\u00e9chelle 1:18 reproduit avec une pr\u00e9cision exceptionnelle la Ferrari SF90 Spider dans une livr\u00e9e rouge Fiorano. Mod\u00e8le limit\u00e9 \u00e0 100 pi\u00e8ces num\u00e9rot\u00e9es et livr\u00e9 sur un socle haut de gamme (sans vitrine).<\/p>\n","protected":false},"featured_media":26875,"template":"","meta":{"_seopress_robots_primary_cat":"","_seopress_titles_title":"","_seopress_titles_desc":"","_seopress_robots_index":""},"product_brand":[],"product_cat":[315],"product_tag":[84,93,92,85,86],"class_list":{"0":"post-26526","1":"product","2":"type-product","3":"status-publish","4":"has-post-thumbnail","6":"product_cat-bbr","7":"product_tag-echelle-118","8":"product_tag-edition-limitee","9":"product_tag-resine","10":"product_tag-sans-ouvrants","11":"product_tag-socle-inclus","13":"first","14":"outofstock","15":"taxable","16":"shipping-taxable","17":"purchasable","18":"product-type-simple"},"_links":{"self":[{"href":"https:\/\/modelkars.com\/fr\/wp-json\/wp\/v2\/product\/26526","targetHints":{"allow":["GET"]}}],"collection":[{"href":"https:\/\/modelkars.com\/fr\/wp-json\/wp\/v2\/product"}],"about":[{"href":"https:\/\/modelkars.com\/fr\/wp-json\/wp\/v2\/types\/product"}],"wp:featuredmedia":[{"embeddable":true,"href":"https:\/\/modelkars.com\/fr\/wp-json\/wp\/v2\/media\/26875"}],"wp:attachment":[{"href":"https:\/\/modelkars.com\/fr\/wp-json\/wp\/v2\/media?parent=26526"}],"wp:term":[{"taxonomy":"product_brand","embeddable":true,"href":"https:\/\/modelkars.com\/fr\/wp-json\/wp\/v2\/product_brand?post=26526"},{"taxonomy":"product_cat","embeddable":true,"href":"https:\/\/modelkars.com\/fr\/wp-json\/wp\/v2\/product_cat?post=26526"},{"taxonomy":"product_tag","embeddable":true,"href":"https:\/\/modelkars.com\/fr\/wp-json\/wp\/v2\/product_tag?post=26526"}],"curies":[{"name":"wp","href":"https:\/\/api.w.org\/{rel}","templated":true}]}}