{"id":25688,"date":"2021-11-29T12:04:45","date_gmt":"2021-11-29T11:04:45","guid":{"rendered":"https:\/\/modelkars.com\/?post_type=product&#038;p=25688"},"modified":"2025-12-01T01:54:36","modified_gmt":"2025-12-01T00:54:36","slug":"70918-bugatti-eb110-ss-jaune","status":"publish","type":"product","link":"https:\/\/modelkars.com\/fr\/shop\/autoart\/70918-bugatti-eb110-ss-jaune\/","title":{"rendered":"Bugatti EB110 SS"},"content":{"rendered":"","protected":false},"excerpt":{"rendered":"<p>D\u2019une qualit\u00e9 de finition exceptionnelle, cette Bugatti EB110 SS est fabriqu\u00e9e \u00e0 l\u2019\u00e9chelle 1:18 par AUTOart dans une livr\u00e9e jaune (Giallo Bugatti). Cette miniature poss\u00e8de les roues directionnelles et les portes sont ouvrables tout comme le coffre ainsi que le capot moteur.<\/p>\n","protected":false},"featured_media":25708,"template":"","meta":{"_seopress_robots_primary_cat":"","_seopress_titles_title":"","_seopress_titles_desc":"","_seopress_robots_index":""},"product_brand":[],"product_cat":[118],"product_tag":[117,119,84],"class_list":{"0":"post-25688","1":"product","2":"type-product","3":"status-publish","4":"has-post-thumbnail","6":"product_cat-autoart","7":"product_tag-avec-ouvrants","8":"product_tag-composite","9":"product_tag-echelle-118","10":"product_shipping_class-delivengo","12":"first","13":"outofstock","14":"taxable","15":"shipping-taxable","16":"purchasable","17":"product-type-simple"},"_links":{"self":[{"href":"https:\/\/modelkars.com\/fr\/wp-json\/wp\/v2\/product\/25688","targetHints":{"allow":["GET"]}}],"collection":[{"href":"https:\/\/modelkars.com\/fr\/wp-json\/wp\/v2\/product"}],"about":[{"href":"https:\/\/modelkars.com\/fr\/wp-json\/wp\/v2\/types\/product"}],"wp:featuredmedia":[{"embeddable":true,"href":"https:\/\/modelkars.com\/fr\/wp-json\/wp\/v2\/media\/25708"}],"wp:attachment":[{"href":"https:\/\/modelkars.com\/fr\/wp-json\/wp\/v2\/media?parent=25688"}],"wp:term":[{"taxonomy":"product_brand","embeddable":true,"href":"https:\/\/modelkars.com\/fr\/wp-json\/wp\/v2\/product_brand?post=25688"},{"taxonomy":"product_cat","embeddable":true,"href":"https:\/\/modelkars.com\/fr\/wp-json\/wp\/v2\/product_cat?post=25688"},{"taxonomy":"product_tag","embeddable":true,"href":"https:\/\/modelkars.com\/fr\/wp-json\/wp\/v2\/product_tag?post=25688"}],"curies":[{"name":"wp","href":"https:\/\/api.w.org\/{rel}","templated":true}]}}