{"id":25557,"date":"2022-08-20T00:00:00","date_gmt":"2022-08-19T22:00:00","guid":{"rendered":"https:\/\/modelkars.com\/?post_type=product&#038;p=25557"},"modified":"2025-12-01T01:54:15","modified_gmt":"2025-12-01T00:54:15","slug":"lambo050se-lamborghini-aventador-ultimae-vert-gea-mate","status":"publish","type":"product","link":"https:\/\/modelkars.com\/fr\/shop\/mr-collection\/lambo050se-lamborghini-aventador-ultimae-vert-gea-mate\/","title":{"rendered":"Lamborghini Aventador Ultimae"},"content":{"rendered":"","protected":false},"excerpt":{"rendered":"<p>Cette LP780-4 Ultimae est la toute derni\u00e8re version de la Lamborghini Aventador. Pr\u00e9sent\u00e9e ici dans son coloris vert Gea matte, ce mod\u00e8le r\u00e9duit haut de gamme est fabriqu\u00e9 par MR Collection \u00e0 l&rsquo;\u00e9chelle 1:18\u00e8me \u00e0 seulement 49 exemplaires num\u00e9rot\u00e9s. Socle de haute qualit\u00e9 et vitrine sont fournis.<\/p>\n","protected":false},"featured_media":31926,"template":"","meta":{"_seopress_robots_primary_cat":"","_seopress_titles_title":"","_seopress_titles_desc":"","_seopress_robots_index":""},"product_brand":[],"product_cat":[95],"product_tag":[84,93,92,85,86,323],"class_list":{"0":"post-25557","1":"product","2":"type-product","3":"status-publish","4":"has-post-thumbnail","6":"product_cat-mr-collection","7":"product_tag-echelle-118","8":"product_tag-edition-limitee","9":"product_tag-resine","10":"product_tag-sans-ouvrants","11":"product_tag-socle-inclus","12":"product_tag-vitrine-incluse","14":"first","15":"outofstock","16":"taxable","17":"shipping-taxable","18":"purchasable","19":"product-type-simple"},"_links":{"self":[{"href":"https:\/\/modelkars.com\/fr\/wp-json\/wp\/v2\/product\/25557","targetHints":{"allow":["GET"]}}],"collection":[{"href":"https:\/\/modelkars.com\/fr\/wp-json\/wp\/v2\/product"}],"about":[{"href":"https:\/\/modelkars.com\/fr\/wp-json\/wp\/v2\/types\/product"}],"wp:featuredmedia":[{"embeddable":true,"href":"https:\/\/modelkars.com\/fr\/wp-json\/wp\/v2\/media\/31926"}],"wp:attachment":[{"href":"https:\/\/modelkars.com\/fr\/wp-json\/wp\/v2\/media?parent=25557"}],"wp:term":[{"taxonomy":"product_brand","embeddable":true,"href":"https:\/\/modelkars.com\/fr\/wp-json\/wp\/v2\/product_brand?post=25557"},{"taxonomy":"product_cat","embeddable":true,"href":"https:\/\/modelkars.com\/fr\/wp-json\/wp\/v2\/product_cat?post=25557"},{"taxonomy":"product_tag","embeddable":true,"href":"https:\/\/modelkars.com\/fr\/wp-json\/wp\/v2\/product_tag?post=25557"}],"curies":[{"name":"wp","href":"https:\/\/api.w.org\/{rel}","templated":true}]}}