{"id":25192,"date":"2021-08-19T16:21:10","date_gmt":"2021-08-19T14:21:10","guid":{"rendered":"https:\/\/modelkars.com\/?post_type=product&#038;p=25192"},"modified":"2025-12-01T01:54:44","modified_gmt":"2025-12-01T00:54:44","slug":"ts0349-bmw-m3-g80-m-performance-alpine-white","status":"publish","type":"product","link":"https:\/\/modelkars.com\/fr\/shop\/topspeed\/ts0349-bmw-m3-g80-m-performance-alpine-white\/","title":{"rendered":"BMW M3 M-Performance (G80)"},"content":{"rendered":"","protected":false},"excerpt":{"rendered":"<p>La BMW M3 (G80) M-Performance est reproduite \u00e0 l\u2019\u00e9chelle 1:18 par TopSpeed dans sa livr\u00e9e blanche et d\u00e9corations aux couleurs Motorsport. Cette miniature de haute qualit\u00e9 est r\u00e9alis\u00e9e en r\u00e9sine.<\/p>\n","protected":false},"featured_media":25194,"template":"","meta":{"_seopress_robots_primary_cat":"none","_seopress_titles_title":"","_seopress_titles_desc":"","_seopress_robots_index":""},"product_brand":[],"product_cat":[74],"product_tag":[84,92,85],"class_list":{"0":"post-25192","1":"product","2":"type-product","3":"status-publish","4":"has-post-thumbnail","6":"product_cat-topspeed","7":"product_tag-echelle-118","8":"product_tag-resine","9":"product_tag-sans-ouvrants","11":"first","12":"outofstock","13":"taxable","14":"shipping-taxable","15":"purchasable","16":"product-type-simple"},"_links":{"self":[{"href":"https:\/\/modelkars.com\/fr\/wp-json\/wp\/v2\/product\/25192","targetHints":{"allow":["GET"]}}],"collection":[{"href":"https:\/\/modelkars.com\/fr\/wp-json\/wp\/v2\/product"}],"about":[{"href":"https:\/\/modelkars.com\/fr\/wp-json\/wp\/v2\/types\/product"}],"wp:featuredmedia":[{"embeddable":true,"href":"https:\/\/modelkars.com\/fr\/wp-json\/wp\/v2\/media\/25194"}],"wp:attachment":[{"href":"https:\/\/modelkars.com\/fr\/wp-json\/wp\/v2\/media?parent=25192"}],"wp:term":[{"taxonomy":"product_brand","embeddable":true,"href":"https:\/\/modelkars.com\/fr\/wp-json\/wp\/v2\/product_brand?post=25192"},{"taxonomy":"product_cat","embeddable":true,"href":"https:\/\/modelkars.com\/fr\/wp-json\/wp\/v2\/product_cat?post=25192"},{"taxonomy":"product_tag","embeddable":true,"href":"https:\/\/modelkars.com\/fr\/wp-json\/wp\/v2\/product_tag?post=25192"}],"curies":[{"name":"wp","href":"https:\/\/api.w.org\/{rel}","templated":true}]}}