{"id":25093,"date":"2022-08-05T17:52:30","date_gmt":"2022-08-05T15:52:30","guid":{"rendered":"https:\/\/modelkars.com\/?post_type=product&#038;p=25093"},"modified":"2025-12-01T01:54:16","modified_gmt":"2025-12-01T00:54:16","slug":"dna000142-ford-fiesta-st-mk8-frozen-white","status":"publish","type":"product","link":"https:\/\/modelkars.com\/fr\/shop\/dna-collectibles\/dna000142-ford-fiesta-st-mk8-frozen-white\/","title":{"rendered":"Ford Fiesta ST (mk8)"},"content":{"rendered":"","protected":false},"excerpt":{"rendered":"<p>Reproduite pour la premi\u00e8re fois \u00e0 l&rsquo;\u00e9chelle 1:18\u00e8me, cette Ford Fiesta ST 2020 (mk8) est fabriqu\u00e9e par DNA Collectibles. Ce mod\u00e8le r\u00e9duit en r\u00e9sine (sans ouvrants) est produit dans sa couleur blanc Frozen en s\u00e9rie limit\u00e9e \u00e0 299 pi\u00e8ces.<\/p>\n<p>Egalement disponible en grise, bleue ou rouge.<\/p>\n","protected":false},"featured_media":25079,"template":"","meta":{"_seopress_robots_primary_cat":"none","_seopress_titles_title":"","_seopress_titles_desc":"","_seopress_robots_index":""},"product_brand":[],"product_cat":[336],"product_tag":[84,93,92,85],"class_list":{"0":"post-25093","1":"product","2":"type-product","3":"status-publish","4":"has-post-thumbnail","6":"product_cat-dna-collectibles","7":"product_tag-echelle-118","8":"product_tag-edition-limitee","9":"product_tag-resine","10":"product_tag-sans-ouvrants","12":"first","13":"outofstock","14":"taxable","15":"shipping-taxable","16":"purchasable","17":"product-type-simple"},"_links":{"self":[{"href":"https:\/\/modelkars.com\/fr\/wp-json\/wp\/v2\/product\/25093","targetHints":{"allow":["GET"]}}],"collection":[{"href":"https:\/\/modelkars.com\/fr\/wp-json\/wp\/v2\/product"}],"about":[{"href":"https:\/\/modelkars.com\/fr\/wp-json\/wp\/v2\/types\/product"}],"wp:featuredmedia":[{"embeddable":true,"href":"https:\/\/modelkars.com\/fr\/wp-json\/wp\/v2\/media\/25079"}],"wp:attachment":[{"href":"https:\/\/modelkars.com\/fr\/wp-json\/wp\/v2\/media?parent=25093"}],"wp:term":[{"taxonomy":"product_brand","embeddable":true,"href":"https:\/\/modelkars.com\/fr\/wp-json\/wp\/v2\/product_brand?post=25093"},{"taxonomy":"product_cat","embeddable":true,"href":"https:\/\/modelkars.com\/fr\/wp-json\/wp\/v2\/product_cat?post=25093"},{"taxonomy":"product_tag","embeddable":true,"href":"https:\/\/modelkars.com\/fr\/wp-json\/wp\/v2\/product_tag?post=25093"}],"curies":[{"name":"wp","href":"https:\/\/api.w.org\/{rel}","templated":true}]}}