{"id":24661,"date":"2022-05-30T00:00:00","date_gmt":"2022-05-29T22:00:00","guid":{"rendered":"https:\/\/modelkars.com\/?post_type=product&#038;p=24661"},"modified":"2025-12-01T01:54:21","modified_gmt":"2025-12-01T00:54:21","slug":"p18139e-ferrari-f40-lm-bleu-le-mans-1995","status":"publish","type":"product","link":"https:\/\/modelkars.com\/fr\/shop\/bbr\/p18139e-ferrari-f40-lm-bleu-le-mans-1995\/","title":{"rendered":"Ferrari F40 LM (24h du Mans 1995)"},"content":{"rendered":"","protected":false},"excerpt":{"rendered":"<p>Cette voiture miniature \u00e0 l\u2019\u00e9chelle 1:18 reproduit avec une pr\u00e9cision exceptionnelle la Ferrari F40 LM dans sa configuration de course des 24 Heures du Mans 1995 (num\u00e9ro 34 &#8211; livr\u00e9e bleue sponsor \u00ab\u00a0Pilot\u00a0\u00bb). Mod\u00e8le pr\u00e9sent\u00e9 sur un socle haut de gamme et livr\u00e9e avec sa vitrine plexiglass.<\/p>\n","protected":false},"featured_media":32019,"template":"","meta":{"_seopress_robots_primary_cat":"","_seopress_titles_title":"","_seopress_titles_desc":"","_seopress_robots_index":""},"product_brand":[],"product_cat":[315],"product_tag":[84,93,92,85,86,323],"class_list":{"0":"post-24661","1":"product","2":"type-product","3":"status-publish","4":"has-post-thumbnail","6":"product_cat-bbr","7":"product_tag-echelle-118","8":"product_tag-edition-limitee","9":"product_tag-resine","10":"product_tag-sans-ouvrants","11":"product_tag-socle-inclus","12":"product_tag-vitrine-incluse","14":"first","15":"outofstock","16":"taxable","17":"shipping-taxable","18":"purchasable","19":"product-type-simple"},"_links":{"self":[{"href":"https:\/\/modelkars.com\/fr\/wp-json\/wp\/v2\/product\/24661","targetHints":{"allow":["GET"]}}],"collection":[{"href":"https:\/\/modelkars.com\/fr\/wp-json\/wp\/v2\/product"}],"about":[{"href":"https:\/\/modelkars.com\/fr\/wp-json\/wp\/v2\/types\/product"}],"wp:featuredmedia":[{"embeddable":true,"href":"https:\/\/modelkars.com\/fr\/wp-json\/wp\/v2\/media\/32019"}],"wp:attachment":[{"href":"https:\/\/modelkars.com\/fr\/wp-json\/wp\/v2\/media?parent=24661"}],"wp:term":[{"taxonomy":"product_brand","embeddable":true,"href":"https:\/\/modelkars.com\/fr\/wp-json\/wp\/v2\/product_brand?post=24661"},{"taxonomy":"product_cat","embeddable":true,"href":"https:\/\/modelkars.com\/fr\/wp-json\/wp\/v2\/product_cat?post=24661"},{"taxonomy":"product_tag","embeddable":true,"href":"https:\/\/modelkars.com\/fr\/wp-json\/wp\/v2\/product_tag?post=24661"}],"curies":[{"name":"wp","href":"https:\/\/api.w.org\/{rel}","templated":true}]}}