{"id":24115,"date":"2021-07-05T12:28:05","date_gmt":"2021-07-05T10:28:05","guid":{"rendered":"https:\/\/modelkars.com\/?post_type=product&#038;p=24115"},"modified":"2025-12-01T01:54:46","modified_gmt":"2025-12-01T00:54:46","slug":"18s219-porsche-panamera-gts-sport-turismo-noir","status":"publish","type":"product","link":"https:\/\/modelkars.com\/fr\/shop\/spark\/18s219-porsche-panamera-gts-sport-turismo-noir\/","title":{"rendered":"Porsche Panamera GTS Sport Turismo"},"content":{"rendered":"","protected":false},"excerpt":{"rendered":"<p>Cette superbe Porsche Panamera GTS Sport Turismo est ici reproduite avec une grande fid\u00e9lit\u00e9 par Spark. Cette miniature est mod\u00e9lis\u00e9e \u00e0 l\u2019\u00e9chelle 1:18 dans une livr\u00e9e noire.<\/p>\n","protected":false},"featured_media":24119,"template":"","meta":{"_seopress_robots_primary_cat":"none","_seopress_titles_title":"","_seopress_titles_desc":"","_seopress_robots_index":""},"product_brand":[],"product_cat":[216],"product_tag":[84,85],"class_list":{"0":"post-24115","1":"product","2":"type-product","3":"status-publish","4":"has-post-thumbnail","6":"product_cat-spark","7":"product_tag-echelle-118","8":"product_tag-sans-ouvrants","9":"product_shipping_class-delivengo","11":"first","12":"outofstock","13":"taxable","14":"shipping-taxable","15":"purchasable","16":"product-type-simple"},"_links":{"self":[{"href":"https:\/\/modelkars.com\/fr\/wp-json\/wp\/v2\/product\/24115","targetHints":{"allow":["GET"]}}],"collection":[{"href":"https:\/\/modelkars.com\/fr\/wp-json\/wp\/v2\/product"}],"about":[{"href":"https:\/\/modelkars.com\/fr\/wp-json\/wp\/v2\/types\/product"}],"wp:featuredmedia":[{"embeddable":true,"href":"https:\/\/modelkars.com\/fr\/wp-json\/wp\/v2\/media\/24119"}],"wp:attachment":[{"href":"https:\/\/modelkars.com\/fr\/wp-json\/wp\/v2\/media?parent=24115"}],"wp:term":[{"taxonomy":"product_brand","embeddable":true,"href":"https:\/\/modelkars.com\/fr\/wp-json\/wp\/v2\/product_brand?post=24115"},{"taxonomy":"product_cat","embeddable":true,"href":"https:\/\/modelkars.com\/fr\/wp-json\/wp\/v2\/product_cat?post=24115"},{"taxonomy":"product_tag","embeddable":true,"href":"https:\/\/modelkars.com\/fr\/wp-json\/wp\/v2\/product_tag?post=24115"}],"curies":[{"name":"wp","href":"https:\/\/api.w.org\/{rel}","templated":true}]}}