{"id":23948,"date":"2021-12-17T00:00:00","date_gmt":"2021-12-16T23:00:00","guid":{"rendered":"https:\/\/modelkars.com\/?post_type=product&#038;p=23948"},"modified":"2025-12-01T01:54:34","modified_gmt":"2025-12-01T00:54:34","slug":"gt371-jeep-wrangler-rubicon-392-bleu","status":"publish","type":"product","link":"https:\/\/modelkars.com\/fr\/shop\/gt-spirit\/gt371-jeep-wrangler-rubicon-392-bleu\/","title":{"rendered":"Jeep Wrangler Rubicon 392"},"content":{"rendered":"","protected":false},"excerpt":{"rendered":"<p>Ce Jeep Wrangler Rubicon 392 est propos\u00e9 \u00e0 l&rsquo;\u00e9chelle 1:18 par GT Spirit. Fabriqu\u00e9 en r\u00e9sine, ce mod\u00e8le de couleur bleu est produit en s\u00e9rie tr\u00e8s limit\u00e9e.<\/p>\n","protected":false},"featured_media":26346,"template":"","meta":{"_seopress_robots_primary_cat":"","_seopress_titles_title":"","_seopress_titles_desc":"","_seopress_robots_index":""},"product_brand":[],"product_cat":[71],"product_tag":[424,84,93,92,85],"class_list":{"0":"post-23948","1":"product","2":"type-product","3":"status-publish","4":"has-post-thumbnail","6":"product_cat-gt-spirit","7":"product_tag-decembre-2021","8":"product_tag-echelle-118","9":"product_tag-edition-limitee","10":"product_tag-resine","11":"product_tag-sans-ouvrants","13":"first","14":"outofstock","15":"taxable","16":"shipping-taxable","17":"purchasable","18":"product-type-simple"},"_links":{"self":[{"href":"https:\/\/modelkars.com\/fr\/wp-json\/wp\/v2\/product\/23948","targetHints":{"allow":["GET"]}}],"collection":[{"href":"https:\/\/modelkars.com\/fr\/wp-json\/wp\/v2\/product"}],"about":[{"href":"https:\/\/modelkars.com\/fr\/wp-json\/wp\/v2\/types\/product"}],"wp:featuredmedia":[{"embeddable":true,"href":"https:\/\/modelkars.com\/fr\/wp-json\/wp\/v2\/media\/26346"}],"wp:attachment":[{"href":"https:\/\/modelkars.com\/fr\/wp-json\/wp\/v2\/media?parent=23948"}],"wp:term":[{"taxonomy":"product_brand","embeddable":true,"href":"https:\/\/modelkars.com\/fr\/wp-json\/wp\/v2\/product_brand?post=23948"},{"taxonomy":"product_cat","embeddable":true,"href":"https:\/\/modelkars.com\/fr\/wp-json\/wp\/v2\/product_cat?post=23948"},{"taxonomy":"product_tag","embeddable":true,"href":"https:\/\/modelkars.com\/fr\/wp-json\/wp\/v2\/product_tag?post=23948"}],"curies":[{"name":"wp","href":"https:\/\/api.w.org\/{rel}","templated":true}]}}