{"id":23947,"date":"2021-12-17T00:00:00","date_gmt":"2021-12-16T23:00:00","guid":{"rendered":"https:\/\/modelkars.com\/?post_type=product&#038;p=23947"},"modified":"2025-12-01T01:54:34","modified_gmt":"2025-12-01T00:54:34","slug":"gt340-ford-mustang-prior-design","status":"publish","type":"product","link":"https:\/\/modelkars.com\/fr\/shop\/gt-spirit\/gt340-ford-mustang-prior-design\/","title":{"rendered":"Ford Mustang by Prior Design"},"content":{"rendered":"","protected":false},"excerpt":{"rendered":"<p>Cette bestiale Ford Mustang de couleur marron (Candy Brown) et modifi\u00e9e par Prior Design est reproduite \u00e0 l&rsquo;\u00e9chelle 1:18 par GT Spirit. Cette miniature hors du commun est limit\u00e9e \u00e0 quelques centaines de pi\u00e8ces num\u00e9rot\u00e9es.<\/p>\n","protected":false},"featured_media":26244,"template":"","meta":{"_seopress_robots_primary_cat":"","_seopress_titles_title":"","_seopress_titles_desc":"","_seopress_robots_index":""},"product_brand":[],"product_cat":[71],"product_tag":[424,84,93,92,85],"class_list":{"0":"post-23947","1":"product","2":"type-product","3":"status-publish","4":"has-post-thumbnail","6":"product_cat-gt-spirit","7":"product_tag-decembre-2021","8":"product_tag-echelle-118","9":"product_tag-edition-limitee","10":"product_tag-resine","11":"product_tag-sans-ouvrants","12":"product_shipping_class-delivengo","14":"first","15":"outofstock","16":"taxable","17":"shipping-taxable","18":"purchasable","19":"product-type-simple"},"_links":{"self":[{"href":"https:\/\/modelkars.com\/fr\/wp-json\/wp\/v2\/product\/23947","targetHints":{"allow":["GET"]}}],"collection":[{"href":"https:\/\/modelkars.com\/fr\/wp-json\/wp\/v2\/product"}],"about":[{"href":"https:\/\/modelkars.com\/fr\/wp-json\/wp\/v2\/types\/product"}],"wp:featuredmedia":[{"embeddable":true,"href":"https:\/\/modelkars.com\/fr\/wp-json\/wp\/v2\/media\/26244"}],"wp:attachment":[{"href":"https:\/\/modelkars.com\/fr\/wp-json\/wp\/v2\/media?parent=23947"}],"wp:term":[{"taxonomy":"product_brand","embeddable":true,"href":"https:\/\/modelkars.com\/fr\/wp-json\/wp\/v2\/product_brand?post=23947"},{"taxonomy":"product_cat","embeddable":true,"href":"https:\/\/modelkars.com\/fr\/wp-json\/wp\/v2\/product_cat?post=23947"},{"taxonomy":"product_tag","embeddable":true,"href":"https:\/\/modelkars.com\/fr\/wp-json\/wp\/v2\/product_tag?post=23947"}],"curies":[{"name":"wp","href":"https:\/\/api.w.org\/{rel}","templated":true}]}}