{"id":23678,"date":"2022-11-30T01:00:00","date_gmt":"2022-11-30T00:00:00","guid":{"rendered":"https:\/\/modelkars.com\/?post_type=product&#038;p=23678"},"modified":"2025-12-01T01:54:02","modified_gmt":"2025-12-01T00:54:02","slug":"bb3182229-ferrari-laferrari-tailor-made-baby-blue","status":"publish","type":"product","link":"https:\/\/modelkars.com\/fr\/shop\/bbr\/bb3182229-ferrari-laferrari-tailor-made-baby-blue\/","title":{"rendered":"Ferrari LaFerrari Baby Blue"},"content":{"rendered":"","protected":false},"excerpt":{"rendered":"<p>Cette splendide miniature en m\u00e9tal reproduit avec une incroyable pr\u00e9cision la Ferrari LaFerrari dans une couleur bleue (Baby Blue). Fabriqu\u00e9e par BBR, ce produit haut de gamme poss\u00e8de de nombreux ouvrants et il est livr\u00e9 avec un socle haut de gamme ainsi qu&rsquo;une vitrine transparente. S\u00e9rie limit\u00e9e \u00e0 seulement 300 pi\u00e8ces.<\/p>\n","protected":false},"featured_media":23680,"template":"","meta":{"_seopress_robots_primary_cat":"","_seopress_titles_title":"","_seopress_titles_desc":"","_seopress_robots_index":""},"product_brand":[],"product_cat":[315],"product_tag":[117,84,89,86,323],"class_list":{"0":"post-23678","1":"product","2":"type-product","3":"status-publish","4":"has-post-thumbnail","6":"product_cat-bbr","7":"product_tag-avec-ouvrants","8":"product_tag-echelle-118","9":"product_tag-metal","10":"product_tag-socle-inclus","11":"product_tag-vitrine-incluse","13":"first","14":"outofstock","15":"taxable","16":"shipping-taxable","17":"purchasable","18":"product-type-simple"},"_links":{"self":[{"href":"https:\/\/modelkars.com\/fr\/wp-json\/wp\/v2\/product\/23678","targetHints":{"allow":["GET"]}}],"collection":[{"href":"https:\/\/modelkars.com\/fr\/wp-json\/wp\/v2\/product"}],"about":[{"href":"https:\/\/modelkars.com\/fr\/wp-json\/wp\/v2\/types\/product"}],"wp:featuredmedia":[{"embeddable":true,"href":"https:\/\/modelkars.com\/fr\/wp-json\/wp\/v2\/media\/23680"}],"wp:attachment":[{"href":"https:\/\/modelkars.com\/fr\/wp-json\/wp\/v2\/media?parent=23678"}],"wp:term":[{"taxonomy":"product_brand","embeddable":true,"href":"https:\/\/modelkars.com\/fr\/wp-json\/wp\/v2\/product_brand?post=23678"},{"taxonomy":"product_cat","embeddable":true,"href":"https:\/\/modelkars.com\/fr\/wp-json\/wp\/v2\/product_cat?post=23678"},{"taxonomy":"product_tag","embeddable":true,"href":"https:\/\/modelkars.com\/fr\/wp-json\/wp\/v2\/product_tag?post=23678"}],"curies":[{"name":"wp","href":"https:\/\/api.w.org\/{rel}","templated":true}]}}