{"id":23637,"date":"2023-03-15T16:10:11","date_gmt":"2023-03-15T15:10:11","guid":{"rendered":"https:\/\/modelkars.com\/?post_type=product&#038;p=23637"},"modified":"2025-12-01T01:53:54","modified_gmt":"2025-12-01T00:53:54","slug":"lcd18009wh-pagani-zonda-hp-barchetta-blanche","status":"publish","type":"product","link":"https:\/\/modelkars.com\/fr\/shop\/lcd\/lcd18009wh-pagani-zonda-hp-barchetta-blanche\/","title":{"rendered":"Pagani Zonda HP Barchetta"},"content":{"rendered":"","protected":false},"excerpt":{"rendered":"<p>Cette superbe Pagani Zonda HP Barchetta est reproduite \u00e0 la perfection \u00e0 l\u2019\u00e9chelle 1:18\u00e8me dans une version blanche et carbone. Fabriqu\u00e9e en m\u00e9tal, cette miniature haut de gamme du fabricant LCD-Models poss\u00e8de de nombreux ouvrants. S\u00e9rie limit\u00e9e \u00e0 800 pi\u00e8ces.<\/p>\n","protected":false},"featured_media":41348,"template":"","meta":{"_seopress_robots_primary_cat":"none","_seopress_titles_title":"","_seopress_titles_desc":"","_seopress_robots_index":""},"product_brand":[],"product_cat":[389],"product_tag":[117,84,89],"class_list":{"0":"post-23637","1":"product","2":"type-product","3":"status-publish","4":"has-post-thumbnail","6":"product_cat-lcd","7":"product_tag-avec-ouvrants","8":"product_tag-echelle-118","9":"product_tag-metal","11":"first","12":"outofstock","13":"taxable","14":"shipping-taxable","15":"purchasable","16":"product-type-simple"},"_links":{"self":[{"href":"https:\/\/modelkars.com\/fr\/wp-json\/wp\/v2\/product\/23637","targetHints":{"allow":["GET"]}}],"collection":[{"href":"https:\/\/modelkars.com\/fr\/wp-json\/wp\/v2\/product"}],"about":[{"href":"https:\/\/modelkars.com\/fr\/wp-json\/wp\/v2\/types\/product"}],"wp:featuredmedia":[{"embeddable":true,"href":"https:\/\/modelkars.com\/fr\/wp-json\/wp\/v2\/media\/41348"}],"wp:attachment":[{"href":"https:\/\/modelkars.com\/fr\/wp-json\/wp\/v2\/media?parent=23637"}],"wp:term":[{"taxonomy":"product_brand","embeddable":true,"href":"https:\/\/modelkars.com\/fr\/wp-json\/wp\/v2\/product_brand?post=23637"},{"taxonomy":"product_cat","embeddable":true,"href":"https:\/\/modelkars.com\/fr\/wp-json\/wp\/v2\/product_cat?post=23637"},{"taxonomy":"product_tag","embeddable":true,"href":"https:\/\/modelkars.com\/fr\/wp-json\/wp\/v2\/product_tag?post=23637"}],"curies":[{"name":"wp","href":"https:\/\/api.w.org\/{rel}","templated":true}]}}