{"id":2362,"date":"2018-11-23T11:57:46","date_gmt":"2018-11-23T10:57:46","guid":{"rendered":"https:\/\/modelkars.com\/?post_type=product&#038;p=2362"},"modified":"2025-12-01T01:55:43","modified_gmt":"2025-12-01T00:55:43","slug":"aston-martin-db11","status":"publish","type":"product","link":"https:\/\/modelkars.com\/fr\/shop\/topspeed\/aston-martin-db11\/","title":{"rendered":"Aston Martin DB11"},"content":{"rendered":"","protected":false},"excerpt":{"rendered":"<p>Cette miniature fabriqu\u00e9e par TopSpeed Models \u00e0 l&rsquo;\u00e9chelle 1:18 reproduit avec une grande fid\u00e9lit\u00e9 l&rsquo;Aston Martin DB11 dans une superbe livr\u00e9e jaune ! Le socle inclus vous permet de mettre en valeur votre mod\u00e8le r\u00e9duit.<\/p>\n","protected":false},"featured_media":2363,"template":"","meta":{"_seopress_robots_primary_cat":"none","_seopress_titles_title":"","_seopress_titles_desc":"","_seopress_robots_index":""},"product_brand":[],"product_cat":[74],"product_tag":[84,85,86],"class_list":{"0":"post-2362","1":"product","2":"type-product","3":"status-publish","4":"has-post-thumbnail","6":"product_cat-topspeed","7":"product_tag-echelle-118","8":"product_tag-sans-ouvrants","9":"product_tag-socle-inclus","11":"first","12":"outofstock","13":"featured","14":"taxable","15":"shipping-taxable","16":"purchasable","17":"product-type-simple"},"_links":{"self":[{"href":"https:\/\/modelkars.com\/fr\/wp-json\/wp\/v2\/product\/2362","targetHints":{"allow":["GET"]}}],"collection":[{"href":"https:\/\/modelkars.com\/fr\/wp-json\/wp\/v2\/product"}],"about":[{"href":"https:\/\/modelkars.com\/fr\/wp-json\/wp\/v2\/types\/product"}],"wp:featuredmedia":[{"embeddable":true,"href":"https:\/\/modelkars.com\/fr\/wp-json\/wp\/v2\/media\/2363"}],"wp:attachment":[{"href":"https:\/\/modelkars.com\/fr\/wp-json\/wp\/v2\/media?parent=2362"}],"wp:term":[{"taxonomy":"product_brand","embeddable":true,"href":"https:\/\/modelkars.com\/fr\/wp-json\/wp\/v2\/product_brand?post=2362"},{"taxonomy":"product_cat","embeddable":true,"href":"https:\/\/modelkars.com\/fr\/wp-json\/wp\/v2\/product_cat?post=2362"},{"taxonomy":"product_tag","embeddable":true,"href":"https:\/\/modelkars.com\/fr\/wp-json\/wp\/v2\/product_tag?post=2362"}],"curies":[{"name":"wp","href":"https:\/\/api.w.org\/{rel}","templated":true}]}}