{"id":23405,"date":"2021-10-20T13:14:07","date_gmt":"2021-10-20T11:14:07","guid":{"rendered":"https:\/\/modelkars.com\/?post_type=product&#038;p=23405"},"modified":"2025-12-01T01:54:40","modified_gmt":"2025-12-01T00:54:40","slug":"70998-bugatti-chiron-sport-jet-grey","status":"publish","type":"product","link":"https:\/\/modelkars.com\/fr\/shop\/autoart\/70998-bugatti-chiron-sport-jet-grey\/","title":{"rendered":"Bugatti Chiron Sport"},"content":{"rendered":"\n\t<section class=\"section\" id=\"section_2028188680\">\n\t\t<div class=\"section-bg fill\" >\n\t\t\t\t\t\t\t\t\t\n\t\t\t\n\n\t\t<\/div>\n\n\t\t\n\n\t\t<div class=\"section-content relative\">\n\t\t\t\n  <div class=\"banner-grid-wrapper\">\n  <div id=\"banner-grid-1931047708\" class=\"banner-grid row row-grid row-xsmall\" data-packery-options=\"\">\n                      \n<div class=\"col grid-col large-12 grid-col-1\" ><div class=\"col-inner\">\n\t<div class=\"img has-hover x md-x lg-x y md-y lg-y\" id=\"image_1147682667\">\n\t\t\t\t\t\t\t\t<div class=\"img-inner dark\" >\n\t\t\t<img decoding=\"async\" width=\"1020\" height=\"680\" src=\"https:\/\/modelkars.com\/wp-content\/uploads\/70998-main-23-5472.jpg\" class=\"attachment-large size-large\" alt=\"70998 main 23 5472\" srcset=\"https:\/\/modelkars.com\/wp-content\/uploads\/70998-main-23-5472.jpg 1200w, https:\/\/modelkars.com\/wp-content\/uploads\/70998-main-23-5472-680x453.jpg 680w, https:\/\/modelkars.com\/wp-content\/uploads\/70998-main-23-5472-64x43.jpg 64w\" sizes=\"(max-width: 1020px) 100vw, 1020px\" \/>\t\t\t\t\t\t\n\t\t\t\t\t<\/div>\n\t\t\t\t\t\t\t\t\n<style>\n#image_1147682667 {\n  width: 100%;\n}\n<\/style>\n\t<\/div>\n\t\n<\/div><\/div>\n<div class=\"col grid-col small-12 large-6 grid-col-1\" ><div class=\"col-inner\">\n\t<div class=\"img has-hover x md-x lg-x y md-y lg-y\" id=\"image_1688959917\">\n\t\t\t\t\t\t\t\t<div class=\"img-inner dark\" >\n\t\t\t<img decoding=\"async\" width=\"1020\" height=\"680\" src=\"https:\/\/modelkars.com\/wp-content\/uploads\/70998-open-19-4796.jpg\" class=\"attachment-large size-large\" alt=\"70998 open 19 4796\" srcset=\"https:\/\/modelkars.com\/wp-content\/uploads\/70998-open-19-4796.jpg 1200w, https:\/\/modelkars.com\/wp-content\/uploads\/70998-open-19-4796-680x453.jpg 680w, https:\/\/modelkars.com\/wp-content\/uploads\/70998-open-19-4796-64x43.jpg 64w\" sizes=\"(max-width: 1020px) 100vw, 1020px\" \/>\t\t\t\t\t\t\n\t\t\t\t\t<\/div>\n\t\t\t\t\t\t\t\t\n<style>\n#image_1688959917 {\n  width: 100%;\n}\n<\/style>\n\t<\/div>\n\t\n<\/div><\/div>\n<div class=\"col grid-col small-12 large-6 grid-col-1-2\" ><div class=\"col-inner\">\n\t<div class=\"img has-hover x md-x lg-x y md-y lg-y\" id=\"image_1176128281\">\n\t\t\t\t\t\t\t\t<div class=\"img-inner dark\" >\n\t\t\t<img decoding=\"async\" width=\"1020\" height=\"680\" src=\"https:\/\/modelkars.com\/wp-content\/uploads\/70998-rear2-15-4730.jpg\" class=\"attachment-large size-large\" alt=\"70998 rear2 15 4730\" srcset=\"https:\/\/modelkars.com\/wp-content\/uploads\/70998-rear2-15-4730.jpg 1200w, https:\/\/modelkars.com\/wp-content\/uploads\/70998-rear2-15-4730-680x453.jpg 680w, https:\/\/modelkars.com\/wp-content\/uploads\/70998-rear2-15-4730-64x43.jpg 64w\" sizes=\"(max-width: 1020px) 100vw, 1020px\" \/>\t\t\t\t\t\t\n\t\t\t\t\t<\/div>\n\t\t\t\t\t\t\t\t\n<style>\n#image_1176128281 {\n  width: 100%;\n}\n<\/style>\n\t<\/div>\n\t\n<\/div><\/div>\n<div class=\"col grid-col small-6 large-3 grid-col-1-2\" ><div class=\"col-inner\">\n\t<div class=\"img has-hover x md-x lg-x y md-y lg-y\" id=\"image_2144047498\">\n\t\t\t\t\t\t\t\t<div class=\"img-inner dark\" >\n\t\t\t<img decoding=\"async\" width=\"1020\" height=\"680\" src=\"https:\/\/modelkars.com\/wp-content\/uploads\/70998-interior-25-3954.jpg\" class=\"attachment-large size-large\" alt=\"70998 interior 25 3954\" srcset=\"https:\/\/modelkars.com\/wp-content\/uploads\/70998-interior-25-3954.jpg 1200w, https:\/\/modelkars.com\/wp-content\/uploads\/70998-interior-25-3954-680x453.jpg 680w, https:\/\/modelkars.com\/wp-content\/uploads\/70998-interior-25-3954-64x43.jpg 64w\" sizes=\"(max-width: 1020px) 100vw, 1020px\" \/>\t\t\t\t\t\t\n\t\t\t\t\t<\/div>\n\t\t\t\t\t\t\t\t\n<style>\n#image_2144047498 {\n  width: 100%;\n}\n<\/style>\n\t<\/div>\n\t\n<\/div><\/div>\n<div class=\"col grid-col small-6 large-3 grid-col-1-2\" ><div class=\"col-inner\">\n\t<div class=\"img has-hover x md-x lg-x y md-y lg-y\" id=\"image_1604986530\">\n\t\t\t\t\t\t\t\t<div class=\"img-inner dark\" >\n\t\t\t<img decoding=\"async\" width=\"1020\" height=\"680\" src=\"https:\/\/modelkars.com\/wp-content\/uploads\/70998-rearwheel-13-3345.jpg\" class=\"attachment-large size-large\" alt=\"70998 rearwheel 13 3345\" srcset=\"https:\/\/modelkars.com\/wp-content\/uploads\/70998-rearwheel-13-3345.jpg 1200w, https:\/\/modelkars.com\/wp-content\/uploads\/70998-rearwheel-13-3345-680x453.jpg 680w, https:\/\/modelkars.com\/wp-content\/uploads\/70998-rearwheel-13-3345-64x43.jpg 64w\" sizes=\"(max-width: 1020px) 100vw, 1020px\" \/>\t\t\t\t\t\t\n\t\t\t\t\t<\/div>\n\t\t\t\t\t\t\t\t\n<style>\n#image_1604986530 {\n  width: 100%;\n}\n<\/style>\n\t<\/div>\n\t\n<\/div><\/div>\n            <\/div>\n    <style>\n    #banner-grid-1931047708 .grid-col-1{height: 500px}\n    #banner-grid-1931047708 .grid-col-1-2{height: 250px}\n    #banner-grid-1931047708 .grid-col-1-3{height:166.66666666667px}\n    #banner-grid-1931047708 .grid-col-2-3{height: 333.33333333333px}\n    #banner-grid-1931047708 .grid-col-1-4{height: 125px}\n    #banner-grid-1931047708 .grid-col-3-4{height: 375px}\n\n\n        \/* Tablet *\/\n    @media (max-width: 850px){\n      #banner-grid-1931047708 .grid-col-1{height: 400px}\n      #banner-grid-1931047708 .grid-col-1-2{height: 200px}\n      #banner-grid-1931047708 .grid-col-1-3{height:133.33333333333px}\n      #banner-grid-1931047708 .grid-col-2-3{height: 266.66666666667px}\n      #banner-grid-1931047708 .grid-col-1-4{height: 100px}\n      #banner-grid-1931047708 .grid-col-3-4{height: 300px}\n    }\n    \n        \/* Mobile *\/\n    @media (max-width: 550px){\n      #banner-grid-1931047708 .grid-col-1{height: 300px}\n      #banner-grid-1931047708 .grid-col-1-2{height: 150px}\n      #banner-grid-1931047708 .grid-col-1-3{height:100px}\n      #banner-grid-1931047708 .grid-col-2-3{height: 200px}\n      #banner-grid-1931047708 .grid-col-1-4{height: 75px}\n      #banner-grid-1931047708 .grid-col-3-4{height: 225px}\n    }\n    \n\n  <\/style>\n    <\/div>\n  \n\t\t<\/div>\n\n\t\t\n<style>\n#section_2028188680 {\n  padding-top: 30px;\n  padding-bottom: 30px;\n}\n<\/style>\n\t<\/section>\n\t\n","protected":false},"excerpt":{"rendered":"<p>D\u2019une qualit\u00e9 de finition exceptionnelle, cette Bugatti Chiron Sport est fabriqu\u00e9e \u00e0 l\u2019\u00e9chelle 1:18 par AUTOart dans une livr\u00e9e grise (Jet Grey). Cette miniature poss\u00e8de les roues directionnelles et un aileron mobile. Les portes sont ouvrables tout comme le coffre ainsi que le capot moteur qui peut \u00eatre retir\u00e9.<\/p>\n","protected":false},"featured_media":23599,"template":"","meta":{"_seopress_robots_primary_cat":"","_seopress_titles_title":"","_seopress_titles_desc":"","_seopress_robots_index":"","_seopress_analysis_target_kw":""},"product_brand":[],"product_cat":[118],"product_tag":[117,119,84],"class_list":{"0":"post-23405","1":"product","2":"type-product","3":"status-publish","4":"has-post-thumbnail","6":"product_cat-autoart","7":"product_tag-avec-ouvrants","8":"product_tag-composite","9":"product_tag-echelle-118","10":"product_shipping_class-delivengo","12":"first","13":"outofstock","14":"taxable","15":"shipping-taxable","16":"purchasable","17":"product-type-simple"},"_links":{"self":[{"href":"https:\/\/modelkars.com\/fr\/wp-json\/wp\/v2\/product\/23405","targetHints":{"allow":["GET"]}}],"collection":[{"href":"https:\/\/modelkars.com\/fr\/wp-json\/wp\/v2\/product"}],"about":[{"href":"https:\/\/modelkars.com\/fr\/wp-json\/wp\/v2\/types\/product"}],"wp:featuredmedia":[{"embeddable":true,"href":"https:\/\/modelkars.com\/fr\/wp-json\/wp\/v2\/media\/23599"}],"wp:attachment":[{"href":"https:\/\/modelkars.com\/fr\/wp-json\/wp\/v2\/media?parent=23405"}],"wp:term":[{"taxonomy":"product_brand","embeddable":true,"href":"https:\/\/modelkars.com\/fr\/wp-json\/wp\/v2\/product_brand?post=23405"},{"taxonomy":"product_cat","embeddable":true,"href":"https:\/\/modelkars.com\/fr\/wp-json\/wp\/v2\/product_cat?post=23405"},{"taxonomy":"product_tag","embeddable":true,"href":"https:\/\/modelkars.com\/fr\/wp-json\/wp\/v2\/product_tag?post=23405"}],"curies":[{"name":"wp","href":"https:\/\/api.w.org\/{rel}","templated":true}]}}