{"id":23152,"date":"2022-11-14T01:00:00","date_gmt":"2022-11-14T00:00:00","guid":{"rendered":"https:\/\/modelkars.com\/?post_type=product&#038;p=23152"},"modified":"2026-03-21T00:15:00","modified_gmt":"2026-03-20T23:15:00","slug":"p18207b-ferrari-812-competizione-rosso-corsa-322-bande-jaune","status":"publish","type":"product","link":"https:\/\/modelkars.com\/fr\/shop\/bbr\/p18207b-ferrari-812-competizione-rosso-corsa-322-bande-jaune\/","title":{"rendered":"Ferrari 812 Competizione"},"content":{"rendered":"","protected":false},"excerpt":{"rendered":"<p>Cette voiture miniature \u00e0 l\u2019\u00e9chelle 1:18 reproduit avec une pr\u00e9cision exceptionnelle la Ferrari 812 Competizione dans une livr\u00e9e rouge Corsa 322 et bande jaune. Cette voiture est pr\u00e9sent\u00e9e sur un socle haut de gamme et livr\u00e9e sans vitrine. Limit\u00e9e \u00e0 212 pi\u00e8ces num\u00e9rot\u00e9es.<\/p>\n","protected":false},"featured_media":36679,"template":"","meta":{"_seopress_robots_primary_cat":"","_seopress_titles_title":"","_seopress_titles_desc":"","_seopress_robots_index":""},"product_brand":[],"product_cat":[315],"product_tag":[84,93,92,85],"class_list":{"0":"post-23152","1":"product","2":"type-product","3":"status-publish","4":"has-post-thumbnail","6":"product_cat-bbr","7":"product_tag-echelle-118","8":"product_tag-edition-limitee","9":"product_tag-resine","10":"product_tag-sans-ouvrants","12":"first","13":"outofstock","14":"taxable","15":"shipping-taxable","16":"purchasable","17":"product-type-simple"},"_links":{"self":[{"href":"https:\/\/modelkars.com\/fr\/wp-json\/wp\/v2\/product\/23152","targetHints":{"allow":["GET"]}}],"collection":[{"href":"https:\/\/modelkars.com\/fr\/wp-json\/wp\/v2\/product"}],"about":[{"href":"https:\/\/modelkars.com\/fr\/wp-json\/wp\/v2\/types\/product"}],"wp:featuredmedia":[{"embeddable":true,"href":"https:\/\/modelkars.com\/fr\/wp-json\/wp\/v2\/media\/36679"}],"wp:attachment":[{"href":"https:\/\/modelkars.com\/fr\/wp-json\/wp\/v2\/media?parent=23152"}],"wp:term":[{"taxonomy":"product_brand","embeddable":true,"href":"https:\/\/modelkars.com\/fr\/wp-json\/wp\/v2\/product_brand?post=23152"},{"taxonomy":"product_cat","embeddable":true,"href":"https:\/\/modelkars.com\/fr\/wp-json\/wp\/v2\/product_cat?post=23152"},{"taxonomy":"product_tag","embeddable":true,"href":"https:\/\/modelkars.com\/fr\/wp-json\/wp\/v2\/product_tag?post=23152"}],"curies":[{"name":"wp","href":"https:\/\/api.w.org\/{rel}","templated":true}]}}