{"id":23148,"date":"2022-11-14T01:00:00","date_gmt":"2022-11-14T00:00:00","guid":{"rendered":"https:\/\/modelkars.com\/?post_type=product&#038;p=23148"},"modified":"2025-12-01T01:54:04","modified_gmt":"2025-12-01T00:54:04","slug":"p18207a2-ferrari-812-competizione-gris-coburn","status":"publish","type":"product","link":"https:\/\/modelkars.com\/fr\/shop\/bbr\/p18207a2-ferrari-812-competizione-gris-coburn\/","title":{"rendered":"Ferrari 812 Competizione"},"content":{"rendered":"","protected":false},"excerpt":{"rendered":"<p>Cette voiture miniature \u00e0 l\u2019\u00e9chelle 1:18 reproduit avec une pr\u00e9cision exceptionnelle la Ferrari 812 Competizione dans une livr\u00e9e gris Coburn et bande jaune horizontale. Cette voiture est pr\u00e9sent\u00e9e sur un socle haut de gamme et livr\u00e9e sans vitrine.<\/p>\n","protected":false},"featured_media":36967,"template":"","meta":{"_seopress_robots_primary_cat":"","_seopress_titles_title":"","_seopress_titles_desc":"","_seopress_robots_index":""},"product_brand":[],"product_cat":[315],"product_tag":[84,93,92,85],"class_list":{"0":"post-23148","1":"product","2":"type-product","3":"status-publish","4":"has-post-thumbnail","6":"product_cat-bbr","7":"product_tag-echelle-118","8":"product_tag-edition-limitee","9":"product_tag-resine","10":"product_tag-sans-ouvrants","12":"first","13":"outofstock","14":"taxable","15":"shipping-taxable","16":"purchasable","17":"product-type-simple"},"_links":{"self":[{"href":"https:\/\/modelkars.com\/fr\/wp-json\/wp\/v2\/product\/23148","targetHints":{"allow":["GET"]}}],"collection":[{"href":"https:\/\/modelkars.com\/fr\/wp-json\/wp\/v2\/product"}],"about":[{"href":"https:\/\/modelkars.com\/fr\/wp-json\/wp\/v2\/types\/product"}],"wp:featuredmedia":[{"embeddable":true,"href":"https:\/\/modelkars.com\/fr\/wp-json\/wp\/v2\/media\/36967"}],"wp:attachment":[{"href":"https:\/\/modelkars.com\/fr\/wp-json\/wp\/v2\/media?parent=23148"}],"wp:term":[{"taxonomy":"product_brand","embeddable":true,"href":"https:\/\/modelkars.com\/fr\/wp-json\/wp\/v2\/product_brand?post=23148"},{"taxonomy":"product_cat","embeddable":true,"href":"https:\/\/modelkars.com\/fr\/wp-json\/wp\/v2\/product_cat?post=23148"},{"taxonomy":"product_tag","embeddable":true,"href":"https:\/\/modelkars.com\/fr\/wp-json\/wp\/v2\/product_tag?post=23148"}],"curies":[{"name":"wp","href":"https:\/\/api.w.org\/{rel}","templated":true}]}}