{"id":22808,"date":"2021-11-18T15:50:38","date_gmt":"2021-11-18T14:50:38","guid":{"rendered":"https:\/\/modelkars.com\/?post_type=product&#038;p=22808"},"modified":"2025-12-01T01:54:37","modified_gmt":"2025-12-01T00:54:37","slug":"cldc017-porsche-911-rwb-silver-phantom","status":"publish","type":"product","link":"https:\/\/modelkars.com\/fr\/shop\/gt-spirit\/cldc017-porsche-911-rwb-silver-phantom\/","title":{"rendered":"Porsche 911 RWB Silver Phantom"},"content":{"rendered":"","protected":false},"excerpt":{"rendered":"<p>Cette Porsche 911 RWB est fabriqu\u00e9e par GT Spirit \u00e0 l\u2019\u00e9chelle 1:18. Ce mod\u00e8le limit\u00e9 \u00e0 888 exemplaires est \u00e9galement livr\u00e9 avec un set de stickers pour appliquer le num\u00e9ro de votre choix sur la voiture.<\/p>\n","protected":false},"featured_media":22810,"template":"","meta":{"_seopress_robots_primary_cat":"none","_seopress_titles_title":"","_seopress_titles_desc":"","_seopress_robots_index":""},"product_brand":[],"product_cat":[71],"product_tag":[84,93,92,85],"class_list":{"0":"post-22808","1":"product","2":"type-product","3":"status-publish","4":"has-post-thumbnail","6":"product_cat-gt-spirit","7":"product_tag-echelle-118","8":"product_tag-edition-limitee","9":"product_tag-resine","10":"product_tag-sans-ouvrants","11":"product_shipping_class-delivengo","13":"first","14":"outofstock","15":"taxable","16":"shipping-taxable","17":"purchasable","18":"product-type-simple"},"_links":{"self":[{"href":"https:\/\/modelkars.com\/fr\/wp-json\/wp\/v2\/product\/22808","targetHints":{"allow":["GET"]}}],"collection":[{"href":"https:\/\/modelkars.com\/fr\/wp-json\/wp\/v2\/product"}],"about":[{"href":"https:\/\/modelkars.com\/fr\/wp-json\/wp\/v2\/types\/product"}],"wp:featuredmedia":[{"embeddable":true,"href":"https:\/\/modelkars.com\/fr\/wp-json\/wp\/v2\/media\/22810"}],"wp:attachment":[{"href":"https:\/\/modelkars.com\/fr\/wp-json\/wp\/v2\/media?parent=22808"}],"wp:term":[{"taxonomy":"product_brand","embeddable":true,"href":"https:\/\/modelkars.com\/fr\/wp-json\/wp\/v2\/product_brand?post=22808"},{"taxonomy":"product_cat","embeddable":true,"href":"https:\/\/modelkars.com\/fr\/wp-json\/wp\/v2\/product_cat?post=22808"},{"taxonomy":"product_tag","embeddable":true,"href":"https:\/\/modelkars.com\/fr\/wp-json\/wp\/v2\/product_tag?post=22808"}],"curies":[{"name":"wp","href":"https:\/\/api.w.org\/{rel}","templated":true}]}}