{"id":22527,"date":"2022-10-21T12:59:37","date_gmt":"2022-10-21T10:59:37","guid":{"rendered":"https:\/\/modelkars.com\/?post_type=product&#038;p=22527"},"modified":"2025-12-01T01:54:07","modified_gmt":"2025-12-01T00:54:07","slug":"bbrc1852-21-alfa-romeo-giulia-gtam-rouge","status":"publish","type":"product","link":"https:\/\/modelkars.com\/fr\/shop\/bbr\/bbrc1852-21-alfa-romeo-giulia-gtam-rouge\/","title":{"rendered":"Alfa Romeo Giulia GTAM"},"content":{"rendered":"","protected":false},"excerpt":{"rendered":"<p>Limit\u00e9e \u00e0 quelques dizaines d&rsquo;exemplaires, cette voiture miniature haut de gamme reproduit avec une pr\u00e9cision incomparable l\u2019Alfa Romeo Giulia GTAM dans une splendide livr\u00e9e rouge avec \u00e9triers rouges. Ce mod\u00e8le r\u00e9duit fabriqu\u00e9 par BBR sera livr\u00e9 sur un socle sp\u00e9cifique de haute qualit\u00e9.<\/p>\n","protected":false},"featured_media":32518,"template":"","meta":{"_seopress_robots_primary_cat":"none","_seopress_titles_title":"","_seopress_titles_desc":"","_seopress_robots_index":""},"product_brand":[],"product_cat":[315],"product_tag":[84,93,92,85],"class_list":{"0":"post-22527","1":"product","2":"type-product","3":"status-publish","4":"has-post-thumbnail","6":"product_cat-bbr","7":"product_tag-echelle-118","8":"product_tag-edition-limitee","9":"product_tag-resine","10":"product_tag-sans-ouvrants","12":"first","13":"outofstock","14":"taxable","15":"shipping-taxable","16":"purchasable","17":"product-type-simple"},"_links":{"self":[{"href":"https:\/\/modelkars.com\/fr\/wp-json\/wp\/v2\/product\/22527","targetHints":{"allow":["GET"]}}],"collection":[{"href":"https:\/\/modelkars.com\/fr\/wp-json\/wp\/v2\/product"}],"about":[{"href":"https:\/\/modelkars.com\/fr\/wp-json\/wp\/v2\/types\/product"}],"wp:featuredmedia":[{"embeddable":true,"href":"https:\/\/modelkars.com\/fr\/wp-json\/wp\/v2\/media\/32518"}],"wp:attachment":[{"href":"https:\/\/modelkars.com\/fr\/wp-json\/wp\/v2\/media?parent=22527"}],"wp:term":[{"taxonomy":"product_brand","embeddable":true,"href":"https:\/\/modelkars.com\/fr\/wp-json\/wp\/v2\/product_brand?post=22527"},{"taxonomy":"product_cat","embeddable":true,"href":"https:\/\/modelkars.com\/fr\/wp-json\/wp\/v2\/product_cat?post=22527"},{"taxonomy":"product_tag","embeddable":true,"href":"https:\/\/modelkars.com\/fr\/wp-json\/wp\/v2\/product_tag?post=22527"}],"curies":[{"name":"wp","href":"https:\/\/api.w.org\/{rel}","templated":true}]}}