{"id":22136,"date":"2022-02-04T00:00:00","date_gmt":"2022-02-03T23:00:00","guid":{"rendered":"https:\/\/modelkars.com\/?post_type=product&#038;p=22136"},"modified":"2025-12-02T00:00:41","modified_gmt":"2025-12-01T23:00:41","slug":"gt359-ford-bronco-first-edition-area-51","status":"publish","type":"product","link":"https:\/\/modelkars.com\/fr\/shop\/gt-spirit\/gt359-ford-bronco-first-edition-area-51\/","title":{"rendered":"Ford Bronco First Edition"},"content":{"rendered":"","protected":false},"excerpt":{"rendered":"<p>Ce superbe Ford Bronco First Edition est fabriqu\u00e9 \u00e0 l&rsquo;\u00e9chelle 1:18 par GT Spirit dans sa livr\u00e9e bleue Area 51. Mod\u00e8le en r\u00e9sine fabriqu\u00e9 en s\u00e9rie limit\u00e9e.<\/p>\n","protected":false},"featured_media":25934,"template":"","meta":{"_seopress_robots_primary_cat":"","_seopress_titles_title":"","_seopress_titles_desc":"","_seopress_robots_index":""},"product_brand":[],"product_cat":[71],"product_tag":[84,93,414,92,85],"class_list":{"0":"post-22136","1":"product","2":"type-product","3":"status-publish","4":"has-post-thumbnail","6":"product_cat-gt-spirit","7":"product_tag-echelle-118","8":"product_tag-edition-limitee","9":"product_tag-novembre-2021","10":"product_tag-resine","11":"product_tag-sans-ouvrants","13":"first","14":"instock","15":"taxable","16":"shipping-taxable","17":"purchasable","18":"product-type-simple"},"_links":{"self":[{"href":"https:\/\/modelkars.com\/fr\/wp-json\/wp\/v2\/product\/22136","targetHints":{"allow":["GET"]}}],"collection":[{"href":"https:\/\/modelkars.com\/fr\/wp-json\/wp\/v2\/product"}],"about":[{"href":"https:\/\/modelkars.com\/fr\/wp-json\/wp\/v2\/types\/product"}],"wp:featuredmedia":[{"embeddable":true,"href":"https:\/\/modelkars.com\/fr\/wp-json\/wp\/v2\/media\/25934"}],"wp:attachment":[{"href":"https:\/\/modelkars.com\/fr\/wp-json\/wp\/v2\/media?parent=22136"}],"wp:term":[{"taxonomy":"product_brand","embeddable":true,"href":"https:\/\/modelkars.com\/fr\/wp-json\/wp\/v2\/product_brand?post=22136"},{"taxonomy":"product_cat","embeddable":true,"href":"https:\/\/modelkars.com\/fr\/wp-json\/wp\/v2\/product_cat?post=22136"},{"taxonomy":"product_tag","embeddable":true,"href":"https:\/\/modelkars.com\/fr\/wp-json\/wp\/v2\/product_tag?post=22136"}],"curies":[{"name":"wp","href":"https:\/\/api.w.org\/{rel}","templated":true}]}}