{"id":22128,"date":"2021-11-15T15:28:10","date_gmt":"2021-11-15T14:28:10","guid":{"rendered":"https:\/\/modelkars.com\/?post_type=product&#038;p=22128"},"modified":"2025-12-01T01:54:38","modified_gmt":"2025-12-01T00:54:38","slug":"gt351-ford-mustang-mach-1-rouge","status":"publish","type":"product","link":"https:\/\/modelkars.com\/fr\/shop\/gt-spirit\/gt351-ford-mustang-mach-1-rouge\/","title":{"rendered":"Ford Mustang Mach 1"},"content":{"rendered":"","protected":false},"excerpt":{"rendered":"<p>Cette magnifique Ford Mustang Mach 1 de couleur rouge est reproduite \u00e0 l&rsquo;\u00e9chelle 1:18 par GT Spirit. Ce mod\u00e8le en r\u00e9sine est fabriqu\u00e9 en s\u00e9rie limit\u00e9e et chaque exemplaire est num\u00e9rot\u00e9.<\/p>\n","protected":false},"featured_media":23057,"template":"","meta":{"_seopress_robots_primary_cat":"","_seopress_titles_title":"","_seopress_titles_desc":"","_seopress_robots_index":""},"product_brand":[],"product_cat":[71],"product_tag":[84,93,413,92,85],"class_list":{"0":"post-22128","1":"product","2":"type-product","3":"status-publish","4":"has-post-thumbnail","6":"product_cat-gt-spirit","7":"product_tag-echelle-118","8":"product_tag-edition-limitee","9":"product_tag-octobre-2021","10":"product_tag-resine","11":"product_tag-sans-ouvrants","12":"product_shipping_class-delivengo","14":"first","15":"outofstock","16":"taxable","17":"shipping-taxable","18":"purchasable","19":"product-type-simple"},"_links":{"self":[{"href":"https:\/\/modelkars.com\/fr\/wp-json\/wp\/v2\/product\/22128","targetHints":{"allow":["GET"]}}],"collection":[{"href":"https:\/\/modelkars.com\/fr\/wp-json\/wp\/v2\/product"}],"about":[{"href":"https:\/\/modelkars.com\/fr\/wp-json\/wp\/v2\/types\/product"}],"wp:featuredmedia":[{"embeddable":true,"href":"https:\/\/modelkars.com\/fr\/wp-json\/wp\/v2\/media\/23057"}],"wp:attachment":[{"href":"https:\/\/modelkars.com\/fr\/wp-json\/wp\/v2\/media?parent=22128"}],"wp:term":[{"taxonomy":"product_brand","embeddable":true,"href":"https:\/\/modelkars.com\/fr\/wp-json\/wp\/v2\/product_brand?post=22128"},{"taxonomy":"product_cat","embeddable":true,"href":"https:\/\/modelkars.com\/fr\/wp-json\/wp\/v2\/product_cat?post=22128"},{"taxonomy":"product_tag","embeddable":true,"href":"https:\/\/modelkars.com\/fr\/wp-json\/wp\/v2\/product_tag?post=22128"}],"curies":[{"name":"wp","href":"https:\/\/api.w.org\/{rel}","templated":true}]}}