{"id":22126,"date":"2021-11-15T15:28:10","date_gmt":"2021-11-15T14:28:10","guid":{"rendered":"https:\/\/modelkars.com\/?post_type=product&#038;p=22126"},"modified":"2022-05-16T21:21:54","modified_gmt":"2022-05-16T19:21:54","slug":"gt343-toyota-supra-prior-design-gris-mat","status":"publish","type":"product","link":"https:\/\/modelkars.com\/fr\/shop\/gt-spirit\/gt343-toyota-supra-prior-design-gris-mat\/","title":{"rendered":"Toyota Supra by Prior Design"},"content":{"rendered":"","protected":false},"excerpt":{"rendered":"<p>Cette Toyota Supra pr\u00e9par\u00e9e par Prior Design est fabriqu\u00e9e par GT Spirit \u00e0 l&rsquo;\u00e9chelle 1:18 dans un coloris gris mate. Mod\u00e8le produit en s\u00e9rie limit\u00e9e et num\u00e9rot\u00e9.<\/p>\n","protected":false},"featured_media":26020,"template":"","meta":{"_seopress_robots_primary_cat":"","_seopress_titles_title":"","_seopress_titles_desc":"","_seopress_robots_index":""},"product_brand":[],"product_cat":[71],"product_tag":[84,93,413,92,85],"class_list":{"0":"post-22126","1":"product","2":"type-product","3":"status-publish","4":"has-post-thumbnail","6":"product_cat-gt-spirit","7":"product_tag-echelle-118","8":"product_tag-edition-limitee","9":"product_tag-octobre-2021","10":"product_tag-resine","11":"product_tag-sans-ouvrants","12":"product_shipping_class-delivengo","14":"first","15":"outofstock","16":"taxable","17":"shipping-taxable","18":"purchasable","19":"product-type-simple"},"_links":{"self":[{"href":"https:\/\/modelkars.com\/fr\/wp-json\/wp\/v2\/product\/22126","targetHints":{"allow":["GET"]}}],"collection":[{"href":"https:\/\/modelkars.com\/fr\/wp-json\/wp\/v2\/product"}],"about":[{"href":"https:\/\/modelkars.com\/fr\/wp-json\/wp\/v2\/types\/product"}],"wp:featuredmedia":[{"embeddable":true,"href":"https:\/\/modelkars.com\/fr\/wp-json\/wp\/v2\/media\/26020"}],"wp:attachment":[{"href":"https:\/\/modelkars.com\/fr\/wp-json\/wp\/v2\/media?parent=22126"}],"wp:term":[{"taxonomy":"product_brand","embeddable":true,"href":"https:\/\/modelkars.com\/fr\/wp-json\/wp\/v2\/product_brand?post=22126"},{"taxonomy":"product_cat","embeddable":true,"href":"https:\/\/modelkars.com\/fr\/wp-json\/wp\/v2\/product_cat?post=22126"},{"taxonomy":"product_tag","embeddable":true,"href":"https:\/\/modelkars.com\/fr\/wp-json\/wp\/v2\/product_tag?post=22126"}],"curies":[{"name":"wp","href":"https:\/\/api.w.org\/{rel}","templated":true}]}}