{"id":22125,"date":"2021-11-15T15:28:10","date_gmt":"2021-11-15T14:28:10","guid":{"rendered":"https:\/\/modelkars.com\/?post_type=product&#038;p=22125"},"modified":"2025-12-01T01:54:37","modified_gmt":"2025-12-01T00:54:37","slug":"gt823-audi-rs7-sportback-gris-nardo","status":"publish","type":"product","link":"https:\/\/modelkars.com\/fr\/shop\/gt-spirit\/gt823-audi-rs7-sportback-gris-nardo\/","title":{"rendered":"Audi RS 7 Sportback"},"content":{"rendered":"","protected":false},"excerpt":{"rendered":"<p>Cette superbe Audi RS7 Sportback de couleur gris Nardo est fabriqu\u00e9e \u00e0 l&rsquo;\u00e9chelle 1:18 par GT Spirit. Cette miniature poss\u00e8de un num\u00e9ro unique sous le ch\u00e2ssis. Production limit\u00e9e \u00e0 quelques centaines d&rsquo;exemplaires.<\/p>\n","protected":false},"featured_media":22137,"template":"","meta":{"_seopress_robots_primary_cat":"","_seopress_titles_title":"","_seopress_titles_desc":"","_seopress_robots_index":""},"product_brand":[],"product_cat":[71],"product_tag":[84,93,413,92,85],"class_list":{"0":"post-22125","1":"product","2":"type-product","3":"status-publish","4":"has-post-thumbnail","6":"product_cat-gt-spirit","7":"product_tag-echelle-118","8":"product_tag-edition-limitee","9":"product_tag-octobre-2021","10":"product_tag-resine","11":"product_tag-sans-ouvrants","12":"product_shipping_class-delivengo","14":"first","15":"outofstock","16":"taxable","17":"shipping-taxable","18":"purchasable","19":"product-type-simple"},"_links":{"self":[{"href":"https:\/\/modelkars.com\/fr\/wp-json\/wp\/v2\/product\/22125","targetHints":{"allow":["GET"]}}],"collection":[{"href":"https:\/\/modelkars.com\/fr\/wp-json\/wp\/v2\/product"}],"about":[{"href":"https:\/\/modelkars.com\/fr\/wp-json\/wp\/v2\/types\/product"}],"wp:featuredmedia":[{"embeddable":true,"href":"https:\/\/modelkars.com\/fr\/wp-json\/wp\/v2\/media\/22137"}],"wp:attachment":[{"href":"https:\/\/modelkars.com\/fr\/wp-json\/wp\/v2\/media?parent=22125"}],"wp:term":[{"taxonomy":"product_brand","embeddable":true,"href":"https:\/\/modelkars.com\/fr\/wp-json\/wp\/v2\/product_brand?post=22125"},{"taxonomy":"product_cat","embeddable":true,"href":"https:\/\/modelkars.com\/fr\/wp-json\/wp\/v2\/product_cat?post=22125"},{"taxonomy":"product_tag","embeddable":true,"href":"https:\/\/modelkars.com\/fr\/wp-json\/wp\/v2\/product_tag?post=22125"}],"curies":[{"name":"wp","href":"https:\/\/api.w.org\/{rel}","templated":true}]}}