{"id":22120,"date":"2021-07-07T15:28:10","date_gmt":"2021-07-07T13:28:10","guid":{"rendered":"https:\/\/modelkars.com\/?post_type=product&#038;p=22120"},"modified":"2025-12-01T01:54:46","modified_gmt":"2025-12-01T00:54:46","slug":"p18171l3-ferrari-f8-tributo-noire","status":"publish","type":"product","link":"https:\/\/modelkars.com\/fr\/shop\/bbr\/p18171l3-ferrari-f8-tributo-noire\/","title":{"rendered":"Ferrari F8 Tributo"},"content":{"rendered":"","protected":false},"excerpt":{"rendered":"<p>Cette sublime Ferrari F8 Tributo est reproduite \u00e0 l&rsquo;\u00e9chelle 1:18eme par le fabricant italien BBR dans une livr\u00e9e noire, jantes forg\u00e9es et \u00e9triers de freins jaunes. Ce mod\u00e8le livr\u00e9 sur un socle haut de gamme (vitrine non fournie) est limit\u00e9 \u00e0 seulement 12 pi\u00e8ces num\u00e9rot\u00e9es.<\/p>\n","protected":false},"featured_media":24518,"template":"","meta":{"_seopress_robots_primary_cat":"","_seopress_titles_title":"","_seopress_titles_desc":"","_seopress_robots_index":""},"product_brand":[],"product_cat":[315],"product_tag":[84,92,85,86],"class_list":{"0":"post-22120","1":"product","2":"type-product","3":"status-publish","4":"has-post-thumbnail","6":"product_cat-bbr","7":"product_tag-echelle-118","8":"product_tag-resine","9":"product_tag-sans-ouvrants","10":"product_tag-socle-inclus","12":"first","13":"outofstock","14":"taxable","15":"shipping-taxable","16":"purchasable","17":"product-type-simple"},"_links":{"self":[{"href":"https:\/\/modelkars.com\/fr\/wp-json\/wp\/v2\/product\/22120","targetHints":{"allow":["GET"]}}],"collection":[{"href":"https:\/\/modelkars.com\/fr\/wp-json\/wp\/v2\/product"}],"about":[{"href":"https:\/\/modelkars.com\/fr\/wp-json\/wp\/v2\/types\/product"}],"wp:featuredmedia":[{"embeddable":true,"href":"https:\/\/modelkars.com\/fr\/wp-json\/wp\/v2\/media\/24518"}],"wp:attachment":[{"href":"https:\/\/modelkars.com\/fr\/wp-json\/wp\/v2\/media?parent=22120"}],"wp:term":[{"taxonomy":"product_brand","embeddable":true,"href":"https:\/\/modelkars.com\/fr\/wp-json\/wp\/v2\/product_brand?post=22120"},{"taxonomy":"product_cat","embeddable":true,"href":"https:\/\/modelkars.com\/fr\/wp-json\/wp\/v2\/product_cat?post=22120"},{"taxonomy":"product_tag","embeddable":true,"href":"https:\/\/modelkars.com\/fr\/wp-json\/wp\/v2\/product_tag?post=22120"}],"curies":[{"name":"wp","href":"https:\/\/api.w.org\/{rel}","templated":true}]}}