{"id":21062,"date":"2021-10-01T10:51:04","date_gmt":"2021-10-01T08:51:04","guid":{"rendered":"https:\/\/modelkars.com\/?post_type=product&#038;p=21062"},"modified":"2025-12-01T01:54:41","modified_gmt":"2025-12-01T00:54:41","slug":"77407-nissan-skyline-r34-gtr-noire","status":"publish","type":"product","link":"https:\/\/modelkars.com\/fr\/shop\/autoart\/77407-nissan-skyline-r34-gtr-noire\/","title":{"rendered":"Nissan Skyline GT-R (R34) V-SPEC II"},"content":{"rendered":"","protected":false},"excerpt":{"rendered":"<p>La Nissan GT-R (R34) en version V-SPEC II est fabriqu\u00e9e par AUTOart \u00e0 l\u2019\u00e9chelle 1\/18 dans sa version noire. Ce mod\u00e8le r\u00e9duit haut de gamme poss\u00e8de de nombreux ouvrants.<\/p>\n","protected":false},"featured_media":21114,"template":"","meta":{"_seopress_robots_primary_cat":"","_seopress_titles_title":"","_seopress_titles_desc":"","_seopress_robots_index":""},"product_brand":[],"product_cat":[118],"product_tag":[117,119,84],"class_list":{"0":"post-21062","1":"product","2":"type-product","3":"status-publish","4":"has-post-thumbnail","6":"product_cat-autoart","7":"product_tag-avec-ouvrants","8":"product_tag-composite","9":"product_tag-echelle-118","11":"first","12":"outofstock","13":"taxable","14":"shipping-taxable","15":"purchasable","16":"product-type-simple"},"_links":{"self":[{"href":"https:\/\/modelkars.com\/fr\/wp-json\/wp\/v2\/product\/21062","targetHints":{"allow":["GET"]}}],"collection":[{"href":"https:\/\/modelkars.com\/fr\/wp-json\/wp\/v2\/product"}],"about":[{"href":"https:\/\/modelkars.com\/fr\/wp-json\/wp\/v2\/types\/product"}],"wp:featuredmedia":[{"embeddable":true,"href":"https:\/\/modelkars.com\/fr\/wp-json\/wp\/v2\/media\/21114"}],"wp:attachment":[{"href":"https:\/\/modelkars.com\/fr\/wp-json\/wp\/v2\/media?parent=21062"}],"wp:term":[{"taxonomy":"product_brand","embeddable":true,"href":"https:\/\/modelkars.com\/fr\/wp-json\/wp\/v2\/product_brand?post=21062"},{"taxonomy":"product_cat","embeddable":true,"href":"https:\/\/modelkars.com\/fr\/wp-json\/wp\/v2\/product_cat?post=21062"},{"taxonomy":"product_tag","embeddable":true,"href":"https:\/\/modelkars.com\/fr\/wp-json\/wp\/v2\/product_tag?post=21062"}],"curies":[{"name":"wp","href":"https:\/\/api.w.org\/{rel}","templated":true}]}}