{"id":21060,"date":"2021-04-16T20:51:03","date_gmt":"2021-04-16T18:51:03","guid":{"rendered":"https:\/\/modelkars.com\/?post_type=product&#038;p=21060"},"modified":"2025-12-01T01:54:52","modified_gmt":"2025-12-01T00:54:52","slug":"72930-shelby-mustang-gt350r-lead-foot-grey","status":"publish","type":"product","link":"https:\/\/modelkars.com\/fr\/shop\/autoart\/72930-shelby-mustang-gt350r-lead-foot-grey\/","title":{"rendered":"Ford Mustang Shelby GT350R"},"content":{"rendered":"","protected":false},"excerpt":{"rendered":"<p>Cette superbe Ford Mustang Shelby GT350R de couleur grise \u00e0 bandes noires est fabriqu\u00e9e par AUTOart \u00e0 l\u2019\u00e9chelle 1\/18 et poss\u00e8de de nombreux ouvrants (portes, coffre, capot moteur).<\/p>\n","protected":false},"featured_media":21306,"template":"","meta":{"_seopress_robots_primary_cat":"","_seopress_titles_title":"","_seopress_titles_desc":"","_seopress_robots_index":""},"product_brand":[],"product_cat":[118],"product_tag":[117,119,84],"class_list":{"0":"post-21060","1":"product","2":"type-product","3":"status-publish","4":"has-post-thumbnail","6":"product_cat-autoart","7":"product_tag-avec-ouvrants","8":"product_tag-composite","9":"product_tag-echelle-118","11":"first","12":"outofstock","13":"taxable","14":"shipping-taxable","15":"purchasable","16":"product-type-simple"},"_links":{"self":[{"href":"https:\/\/modelkars.com\/fr\/wp-json\/wp\/v2\/product\/21060","targetHints":{"allow":["GET"]}}],"collection":[{"href":"https:\/\/modelkars.com\/fr\/wp-json\/wp\/v2\/product"}],"about":[{"href":"https:\/\/modelkars.com\/fr\/wp-json\/wp\/v2\/types\/product"}],"wp:featuredmedia":[{"embeddable":true,"href":"https:\/\/modelkars.com\/fr\/wp-json\/wp\/v2\/media\/21306"}],"wp:attachment":[{"href":"https:\/\/modelkars.com\/fr\/wp-json\/wp\/v2\/media?parent=21060"}],"wp:term":[{"taxonomy":"product_brand","embeddable":true,"href":"https:\/\/modelkars.com\/fr\/wp-json\/wp\/v2\/product_brand?post=21060"},{"taxonomy":"product_cat","embeddable":true,"href":"https:\/\/modelkars.com\/fr\/wp-json\/wp\/v2\/product_cat?post=21060"},{"taxonomy":"product_tag","embeddable":true,"href":"https:\/\/modelkars.com\/fr\/wp-json\/wp\/v2\/product_tag?post=21060"}],"curies":[{"name":"wp","href":"https:\/\/api.w.org\/{rel}","templated":true}]}}