{"id":21058,"date":"2021-04-16T20:51:03","date_gmt":"2021-04-16T18:51:03","guid":{"rendered":"https:\/\/modelkars.com\/?post_type=product&#038;p=21058"},"modified":"2025-12-01T01:54:52","modified_gmt":"2025-12-01T00:54:52","slug":"79207-lamborghini-centenario-rosso-efesto","status":"publish","type":"product","link":"https:\/\/modelkars.com\/fr\/shop\/autoart\/79207-lamborghini-centenario-rosso-efesto\/","title":{"rendered":"Lamborghini Centenario Roadster"},"content":{"rendered":"","protected":false},"excerpt":{"rendered":"<p>L\u2019incroyable Lamborghini Centenario revient dans une livr\u00e9e rouge (Rosso Efesto) ! Fabriqu\u00e9e par AUTOart, cette miniature haut de gamme \u00e0 l\u2019\u00e9chelle 1\/18 poss\u00e8de de nombreux ouvrants permettant d\u2019en admirer les moindres d\u00e9tails.<\/p>\n","protected":false},"featured_media":22485,"template":"","meta":{"_seopress_robots_primary_cat":"","_seopress_titles_title":"","_seopress_titles_desc":"","_seopress_robots_index":""},"product_brand":[],"product_cat":[118],"product_tag":[117,119,84],"class_list":{"0":"post-21058","1":"product","2":"type-product","3":"status-publish","4":"has-post-thumbnail","6":"product_cat-autoart","7":"product_tag-avec-ouvrants","8":"product_tag-composite","9":"product_tag-echelle-118","10":"product_shipping_class-delivengo","12":"first","13":"outofstock","14":"taxable","15":"shipping-taxable","16":"purchasable","17":"product-type-simple"},"_links":{"self":[{"href":"https:\/\/modelkars.com\/fr\/wp-json\/wp\/v2\/product\/21058","targetHints":{"allow":["GET"]}}],"collection":[{"href":"https:\/\/modelkars.com\/fr\/wp-json\/wp\/v2\/product"}],"about":[{"href":"https:\/\/modelkars.com\/fr\/wp-json\/wp\/v2\/types\/product"}],"wp:featuredmedia":[{"embeddable":true,"href":"https:\/\/modelkars.com\/fr\/wp-json\/wp\/v2\/media\/22485"}],"wp:attachment":[{"href":"https:\/\/modelkars.com\/fr\/wp-json\/wp\/v2\/media?parent=21058"}],"wp:term":[{"taxonomy":"product_brand","embeddable":true,"href":"https:\/\/modelkars.com\/fr\/wp-json\/wp\/v2\/product_brand?post=21058"},{"taxonomy":"product_cat","embeddable":true,"href":"https:\/\/modelkars.com\/fr\/wp-json\/wp\/v2\/product_cat?post=21058"},{"taxonomy":"product_tag","embeddable":true,"href":"https:\/\/modelkars.com\/fr\/wp-json\/wp\/v2\/product_tag?post=21058"}],"curies":[{"name":"wp","href":"https:\/\/api.w.org\/{rel}","templated":true}]}}