{"id":21056,"date":"2021-08-01T20:51:03","date_gmt":"2021-08-01T18:51:03","guid":{"rendered":"https:\/\/modelkars.com\/?post_type=product&#038;p=21056"},"modified":"2025-12-01T01:54:45","modified_gmt":"2025-12-01T00:54:45","slug":"12108-ford-gt-ingot-silver","status":"publish","type":"product","link":"https:\/\/modelkars.com\/fr\/shop\/autoart\/12108-ford-gt-ingot-silver\/","title":{"rendered":"Ford GT"},"content":{"rendered":"","protected":false},"excerpt":{"rendered":"<p>Fabriqu\u00e9e par AUTOart, ce mod\u00e8le r\u00e9duit haut de gamme reproduit avec un fid\u00e9lit\u00e9 hors-normes la Ford GT dans une superbe livr\u00e9e grise argent\u00e9e et bandes noires. Cette miniature \u00e0 l\u2019\u00e9chelle 1\/12 poss\u00e8de de nombreux ouvrants permettant de l\u2019admirer sous tous les angles.<\/p>\n","protected":false},"featured_media":21262,"template":"","meta":{"_seopress_robots_primary_cat":"","_seopress_titles_title":"","_seopress_titles_desc":"","_seopress_robots_index":"","_seopress_analysis_target_kw":""},"product_brand":[],"product_cat":[118],"product_tag":[117,119,188],"class_list":{"0":"post-21056","1":"product","2":"type-product","3":"status-publish","4":"has-post-thumbnail","6":"product_cat-autoart","7":"product_tag-avec-ouvrants","8":"product_tag-composite","9":"product_tag-echelle-112","11":"first","12":"outofstock","13":"taxable","14":"shipping-taxable","15":"purchasable","16":"product-type-simple"},"_links":{"self":[{"href":"https:\/\/modelkars.com\/fr\/wp-json\/wp\/v2\/product\/21056","targetHints":{"allow":["GET"]}}],"collection":[{"href":"https:\/\/modelkars.com\/fr\/wp-json\/wp\/v2\/product"}],"about":[{"href":"https:\/\/modelkars.com\/fr\/wp-json\/wp\/v2\/types\/product"}],"wp:featuredmedia":[{"embeddable":true,"href":"https:\/\/modelkars.com\/fr\/wp-json\/wp\/v2\/media\/21262"}],"wp:attachment":[{"href":"https:\/\/modelkars.com\/fr\/wp-json\/wp\/v2\/media?parent=21056"}],"wp:term":[{"taxonomy":"product_brand","embeddable":true,"href":"https:\/\/modelkars.com\/fr\/wp-json\/wp\/v2\/product_brand?post=21056"},{"taxonomy":"product_cat","embeddable":true,"href":"https:\/\/modelkars.com\/fr\/wp-json\/wp\/v2\/product_cat?post=21056"},{"taxonomy":"product_tag","embeddable":true,"href":"https:\/\/modelkars.com\/fr\/wp-json\/wp\/v2\/product_tag?post=21056"}],"curies":[{"name":"wp","href":"https:\/\/api.w.org\/{rel}","templated":true}]}}