{"id":21052,"date":"2022-04-16T20:51:03","date_gmt":"2022-04-16T18:51:03","guid":{"rendered":"https:\/\/modelkars.com\/?post_type=product&#038;p=21052"},"modified":"2025-12-01T01:54:23","modified_gmt":"2025-12-01T00:54:23","slug":"p18191f-maserati-mc20-grigio-mistero","status":"publish","type":"product","link":"https:\/\/modelkars.com\/fr\/shop\/bbr\/p18191f-maserati-mc20-grigio-mistero\/","title":{"rendered":"Maserati MC20"},"content":{"rendered":"","protected":false},"excerpt":{"rendered":"<p>Reproduite \u00e0 l\u2019\u00e9chelle 1\/18 jusque dans ses moindre d\u00e9tails et livr\u00e9e sur un socle haut de gamme, ce mod\u00e8le r\u00e9duit de la Maserati MC20 dans sa couleur grise (Grigio Mistero) est fabriqu\u00e9 par BBR et limit\u00e9 \u00e0 seulement 60 exemplaires\u00a0!<\/p>\n","protected":false},"featured_media":29449,"template":"","meta":{"_seopress_robots_primary_cat":"","_seopress_titles_title":"","_seopress_titles_desc":"","_seopress_robots_index":""},"product_brand":[],"product_cat":[315],"product_tag":[84,92,85,86],"class_list":{"0":"post-21052","1":"product","2":"type-product","3":"status-publish","4":"has-post-thumbnail","6":"product_cat-bbr","7":"product_tag-echelle-118","8":"product_tag-resine","9":"product_tag-sans-ouvrants","10":"product_tag-socle-inclus","12":"first","13":"outofstock","14":"taxable","15":"shipping-taxable","16":"purchasable","17":"product-type-simple"},"_links":{"self":[{"href":"https:\/\/modelkars.com\/fr\/wp-json\/wp\/v2\/product\/21052","targetHints":{"allow":["GET"]}}],"collection":[{"href":"https:\/\/modelkars.com\/fr\/wp-json\/wp\/v2\/product"}],"about":[{"href":"https:\/\/modelkars.com\/fr\/wp-json\/wp\/v2\/types\/product"}],"wp:featuredmedia":[{"embeddable":true,"href":"https:\/\/modelkars.com\/fr\/wp-json\/wp\/v2\/media\/29449"}],"wp:attachment":[{"href":"https:\/\/modelkars.com\/fr\/wp-json\/wp\/v2\/media?parent=21052"}],"wp:term":[{"taxonomy":"product_brand","embeddable":true,"href":"https:\/\/modelkars.com\/fr\/wp-json\/wp\/v2\/product_brand?post=21052"},{"taxonomy":"product_cat","embeddable":true,"href":"https:\/\/modelkars.com\/fr\/wp-json\/wp\/v2\/product_cat?post=21052"},{"taxonomy":"product_tag","embeddable":true,"href":"https:\/\/modelkars.com\/fr\/wp-json\/wp\/v2\/product_tag?post=21052"}],"curies":[{"name":"wp","href":"https:\/\/api.w.org\/{rel}","templated":true}]}}